{"id":4393,"date":"2020-01-25T08:49:32","date_gmt":"2020-01-25T08:49:32","guid":{"rendered":"https:\/\/evacityyonetim.com\/about\/"},"modified":"2023-05-31T10:44:26","modified_gmt":"2023-05-31T10:44:26","slug":"hakkimizda","status":"publish","type":"page","link":"https:\/\/evacityyonetim.com\/?page_id=4393","title":{"rendered":"Hakk\u0131m\u0131zda"},"content":{"rendered":"\t\t<div data-elementor-type=\"wp-page\" data-elementor-id=\"4393\" class=\"elementor elementor-4393\">\n\t\t\t\t\t\t<div class=\"elementor-inner\">\n\t\t\t\t<div class=\"elementor-section-wrap\">\n\t\t\t\t\t\t\t\t\t<section class=\"elementor-section elementor-top-section elementor-element elementor-element-53fcd44 elementor-section-full_width elementor-section-height-min-height elementor-section-height-default elementor-section-items-middle\" data-id=\"53fcd44\" data-element_type=\"section\" data-settings=\"{&quot;background_background&quot;:&quot;classic&quot;}\">\n\t\t\t\t\t\t\t<div class=\"elementor-background-overlay\"><\/div>\n\t\t\t\t\t\t\t<div class=\"elementor-container elementor-column-gap-default\">\n\t\t\t\t\t\t\t<div class=\"elementor-row\">\n\t\t\t\t\t<div class=\"aux-parallax-section elementor-column elementor-col-100 elementor-top-column elementor-element elementor-element-4fd8994\" data-id=\"4fd8994\" data-element_type=\"column\">\n\t\t\t<div class=\"elementor-column-wrap elementor-element-populated\">\n\t\t\t\t\t\t\t<div class=\"elementor-widget-wrap\">\n\t\t\t\t\t\t<div class=\"aux-scroll-anim elementor-element elementor-element-c1fed08 aux-appear-watch-animation aux-scale-down-1 elementor-widget elementor-widget-aux_modern_heading\" data-move-in=\"\" data-move-out=\"scale\" data-axis-x=\"200\" data-axis-y=\"200\" data-rotate=\"90\" data-scale=\"0.8\" data-vp-top=\"0.5\" data-vp-bot=\"0.5\" data-el-top=\"0.2\" data-scroll-animation-off=\"1024\" data-id=\"c1fed08\" data-element_type=\"widget\" data-widget_type=\"aux_modern_heading.default\">\n\t\t\t\t<div class=\"elementor-widget-container\">\n\t\t\t<section class=\"aux-widget-modern-heading\">\n            <div class=\"aux-widget-inner\"><h2 class=\"aux-modern-heading-primary\">Hakk\u0131m\u0131zda<\/h2><\/div>\n        <\/section>\t\t<\/div>\n\t\t\t\t<\/div>\n\t\t\t\t\t\t<\/div>\n\t\t\t\t\t<\/div>\n\t\t<\/div>\n\t\t\t\t\t\t\t\t<\/div>\n\t\t\t\t\t<\/div>\n\t\t<\/section>\n\t\t\t\t<section class=\"elementor-section elementor-top-section elementor-element elementor-element-3f24066 elementor-section-content-middle elementor-section-boxed elementor-section-height-default elementor-section-height-default\" data-id=\"3f24066\" data-element_type=\"section\">\n\t\t\t\t\t\t<div class=\"elementor-container elementor-column-gap-no\">\n\t\t\t\t\t\t\t<div class=\"elementor-row\">\n\t\t\t\t\t<div class=\"aux-parallax-section elementor-column elementor-col-50 elementor-top-column elementor-element elementor-element-897b490\" data-id=\"897b490\" data-element_type=\"column\">\n\t\t\t<div class=\"elementor-column-wrap elementor-element-populated\">\n\t\t\t\t\t\t\t<div class=\"elementor-widget-wrap\">\n\t\t\t\t\t\t<div class=\"elementor-element elementor-element-9785a82 aux-appear-watch-animation aux-fade-in-right elementor-widget elementor-widget-aux_modern_heading\" data-id=\"9785a82\" data-element_type=\"widget\" data-widget_type=\"aux_modern_heading.default\">\n\t\t\t\t<div class=\"elementor-widget-container\">\n\t\t\t<section class=\"aux-widget-modern-heading\">\n            <div class=\"aux-widget-inner\"><h2 class=\"aux-modern-heading-primary\"><\/h2><h3 class=\"aux-modern-heading-secondary\"><span class=\"aux-head-before\">Hakk\u0131m\u0131zda<\/span><\/h3><\/div>\n        <\/section>\t\t<\/div>\n\t\t\t\t<\/div>\n\t\t\t\t<div class=\"elementor-element elementor-element-7936875 aux-appear-watch-animation aux-fade-in-up elementor-widget elementor-widget-aux_modern_heading\" data-id=\"7936875\" data-element_type=\"widget\" data-widget_type=\"aux_modern_heading.default\">\n\t\t\t\t<div class=\"elementor-widget-container\">\n\t\t\t<section class=\"aux-widget-modern-heading\">\n            <div class=\"aux-widget-inner\"><h2 class=\"aux-modern-heading-primary\">Evacity Tesis Y\u00f6netimi<\/h2><div class=\"aux-modern-heading-divider\"><\/div><\/div>\n        <\/section>\t\t<\/div>\n\t\t\t\t<\/div>\n\t\t\t\t<div class=\"elementor-element elementor-element-a8a61ea elementor-widget elementor-widget-text-editor\" data-id=\"a8a61ea\" data-element_type=\"widget\" data-widget_type=\"text-editor.default\">\n\t\t\t\t<div class=\"elementor-widget-container\">\n\t\t\t\t\t\t\t\t<div class=\"elementor-text-editor elementor-clearfix\">\n\t\t\t\t<p>G\u00fcn\u00fcm\u00fcz metropollerinde in\u015faat firmalar\u0131n\u0131n yeni nesil mimari konseptinde yapt\u0131klar\u0131 toplu ya\u015fam alanlar\u0131 ba\u015fta olmak \u00fczere, residence ve i\u015f merkezi gibi t\u00fcm dikey ve yatay binalar\u0131n \u0130dari Y\u00f6netim, Finans ve Muhasebe Y\u00f6netimi, M\u00fc\u015fteri \u0130li\u015fkileri Y\u00f6netimi, Temizlik, \u00d6zel G\u00fcvenlik, Teknik \u0130\u015fletim ve Bak\u0131m Onar\u0131m, Havuz ve Bah\u00e7e Bak\u0131m\u0131, Dan\u0131\u015fma ve Resepsiyon ile ha\u015ferelerle m\u00fccadele kapsam\u0131nda \u0130la\u00e7lama hizmetlerini do\u011frudan kendi kaynaklar\u0131 ile entegre halde,<\/p><p>\u2013 Kanunlara ve etik de\u011ferlere tam uyan,<br \/>\u2013 \u00c7al\u0131\u015fanlar\u0131n t\u00fcm haklar\u0131n\u0131 g\u00f6zeten,<br \/>\u2013 \u0130\u015f\u00e7i sa\u011fl\u0131\u011f\u0131 ve i\u015f g\u00fcvenli\u011fi kurallar\u0131 \u00e7er\u00e7evesinde hizmet \u00fcreten,<br \/>\u2013 \u0130\u015f ortaklar\u0131 ve t\u00fcm \u00e7al\u0131\u015fanlar\u0131 ile s\u00fcrekli ileti\u015fim i\u00e7erisinde olan,<br \/>\u2013 Globalle\u015fen d\u00fcnyan\u0131n g\u00fcnl\u00fck hayat\u0131m\u0131za sundu\u011fu t\u00fcm yenilikleri ve teknolojilerini takip eden,<\/p><p><strong>\u201cM\u00fc\u015fteri Memnuniyetinde S\u00fcreklilik\u201d<\/strong>\u00a0mottosuyla, sekt\u00f6rde sahip oldu\u011fu de\u011ferler ile i\u015f ortaklar\u0131n\u0131n toplu ya\u015fam ve \u00e7al\u0131\u015fma alanlar\u0131nda 360 derece Tesis Y\u00f6netim Hizmetleri sunan \u015firketler grubudur.<\/p><p>M\u00fc\u015fteri beklentisi ve ihtiya\u00e7lar\u0131n\u0131, kalite olgusu ile kar\u015f\u0131lay\u0131p faaliyetlerini s\u00fcrd\u00fcren\u00a0<strong>EVACITY <\/strong>\u2019in\u00a0 amac\u0131;<\/p><p>Kaliteyi t\u00fcm \u00e7al\u0131\u015fanlar\u0131na ortak bir sorumluluk olarak benimsetmek, i\u015f ortaklar\u0131n\u0131n toplu ya\u015fam ve \u00e7al\u0131\u015fma alanlar\u0131nda ise hizmetin ba\u015flang\u0131c\u0131ndan sonuna kadar t\u00fcm y\u00f6netim s\u00fcrecinin \u015feffafl\u0131k ilkesi ile denetim alt\u0131nda tutuldu\u011fu bir \u00e7al\u0131\u015fma ortam\u0131 yaratmakt\u0131r.<\/p>\t\t\t\t\t<\/div>\n\t\t\t\t\t\t<\/div>\n\t\t\t\t<\/div>\n\t\t\t\t\t\t<\/div>\n\t\t\t\t\t<\/div>\n\t\t<\/div>\n\t\t\t\t<div class=\"aux-parallax-section elementor-column elementor-col-50 elementor-top-column elementor-element elementor-element-f32f162\" data-id=\"f32f162\" data-element_type=\"column\">\n\t\t\t<div class=\"elementor-column-wrap elementor-element-populated\">\n\t\t\t\t\t\t\t<div class=\"elementor-widget-wrap\">\n\t\t\t\t\t\t<div class=\"elementor-element elementor-element-4ca85e5 aux-appear-watch-animation aux-mask-from-left elementor-widget elementor-widget-aux_image\" data-id=\"4ca85e5\" data-element_type=\"widget\" data-widget_type=\"aux_image.default\">\n\t\t\t\t<div class=\"elementor-widget-container\">\n\t\t\t<section class=\"widget-container aux-widget-image aux-alignnone aux-parent-au62b5cca8\">\n    <div class=\"aux-media-hint-frame \">\n        <div class=\"aux-media-image \" >\n        \n            \n\n            \n            <img loading=\"lazy\" decoding=\"async\" width=\"1024\" height=\"1007\" src=\"https:\/\/evacityyonetim.com\/wp-content\/uploads\/2020\/02\/Mask-Group-42222@2x-1024x1007.png\" class=\"aux-attachment aux-featured-image aux-attachment-id-4300\" alt=\"demo-attachment-1308-Mask-Group-42222@2x\" srcset=\"https:\/\/evacityyonetim.com\/wp-content\/uploads\/2020\/02\/Mask-Group-42222@2x-150x150.png 150w,https:\/\/evacityyonetim.com\/wp-content\/uploads\/2020\/02\/Mask-Group-42222@2x-300x300.png 300w,https:\/\/evacityyonetim.com\/wp-content\/uploads\/2020\/02\/Mask-Group-42222@2x-768x768.png 768w,https:\/\/evacityyonetim.com\/wp-content\/uploads\/2020\/02\/Mask-Group-42222@2x-1024x1007.png 1024w,https:\/\/evacityyonetim.com\/wp-content\/uploads\/2020\/02\/Mask-Group-42222@2x-1024x1007.png 1024w\" data-ratio=\"1\" data-original-w=\"1121\" sizes=\"auto, (max-width:479px) 480px,(max-width:767px) 768px,(max-width:1023px) 1024px,1024px\" \/>            \n                <\/div>\n    <\/div>\n\n<\/section><!-- widget-container -->\t\t<\/div>\n\t\t\t\t<\/div>\n\t\t\t\t\t\t<\/div>\n\t\t\t\t\t<\/div>\n\t\t<\/div>\n\t\t\t\t\t\t\t\t<\/div>\n\t\t\t\t\t<\/div>\n\t\t<\/section>\n\t\t\t\t<section class=\"elementor-section elementor-top-section elementor-element elementor-element-5a8c66b elementor-section-full_width elementor-section-height-default elementor-section-height-default\" data-id=\"5a8c66b\" data-element_type=\"section\">\n\t\t\t\t\t\t<div class=\"elementor-container elementor-column-gap-no\">\n\t\t\t\t\t\t\t<div class=\"elementor-row\">\n\t\t\t\t\t<div class=\"aux-parallax-section elementor-column elementor-col-50 elementor-top-column elementor-element elementor-element-df20d03\" data-id=\"df20d03\" data-element_type=\"column\" data-settings=\"{&quot;background_background&quot;:&quot;classic&quot;}\">\n\t\t\t<div class=\"elementor-column-wrap elementor-element-populated\">\n\t\t\t\t\t\t\t<div class=\"elementor-widget-wrap\">\n\t\t\t\t\t\t<div class=\"elementor-element elementor-element-c81c774 aux-appear-watch-animation aux-mask-from-right elementor-widget elementor-widget-aux_image\" data-id=\"c81c774\" data-element_type=\"widget\" data-widget_type=\"aux_image.default\">\n\t\t\t\t<div class=\"elementor-widget-container\">\n\t\t\t<section class=\"widget-container aux-widget-image aux-alignnone aux-parent-au9f982a8c\">\n    <div class=\"aux-media-hint-frame \">\n        <div class=\"aux-media-image \" >\n        \n            \n\n            \n            <img loading=\"lazy\" decoding=\"async\" width=\"1373\" height=\"1173\" src=\"https:\/\/evacityyonetim.com\/wp-content\/uploads\/2020\/02\/Mask-Group-43@2x.png\" class=\"aux-attachment aux-featured-image aux-attachment-id-4306\" alt=\"demo-attachment-1245-Mask-Group-43@2x\" data-ratio=\"1.17\" data-original-w=\"1373\" \/>            \n                <\/div>\n    <\/div>\n\n<\/section><!-- widget-container -->\t\t<\/div>\n\t\t\t\t<\/div>\n\t\t\t\t\t\t<\/div>\n\t\t\t\t\t<\/div>\n\t\t<\/div>\n\t\t\t\t<div class=\"aux-parallax-section elementor-column elementor-col-50 elementor-top-column elementor-element elementor-element-2faafb1\" data-id=\"2faafb1\" data-element_type=\"column\" data-settings=\"{&quot;background_background&quot;:&quot;classic&quot;}\">\n\t\t\t<div class=\"elementor-column-wrap elementor-element-populated\">\n\t\t\t\t\t\t\t<div class=\"elementor-widget-wrap\">\n\t\t\t\t\t\t<div class=\"elementor-element elementor-element-5701991 aux-appear-watch-animation aux-fade-in-right elementor-widget elementor-widget-aux_modern_heading\" data-id=\"5701991\" data-element_type=\"widget\" data-widget_type=\"aux_modern_heading.default\">\n\t\t\t\t<div class=\"elementor-widget-container\">\n\t\t\t<section class=\"aux-widget-modern-heading\">\n            <div class=\"aux-widget-inner\"><h2 class=\"aux-modern-heading-primary\"><\/h2><h3 class=\"aux-modern-heading-secondary\"><span class=\"aux-head-before\">De\u011ferlerimiz<\/span><\/h3><\/div>\n        <\/section>\t\t<\/div>\n\t\t\t\t<\/div>\n\t\t\t\t<div class=\"elementor-element elementor-element-be38abe aux-appear-watch-animation aux-fade-in-up elementor-widget elementor-widget-aux_modern_heading\" data-id=\"be38abe\" data-element_type=\"widget\" data-widget_type=\"aux_modern_heading.default\">\n\t\t\t\t<div class=\"elementor-widget-container\">\n\t\t\t<section class=\"aux-widget-modern-heading\">\n            <div class=\"aux-widget-inner\"><h2 class=\"aux-modern-heading-primary\">Evacity Tesis Y\u00f6netimi<\/h2><div class=\"aux-modern-heading-divider\"><\/div><div class=\"aux-modern-heading-description\"><p style=\"color:white\">Tesis Y\u00f6netim Hizmetleri sekt\u00f6r\u00fcnde i\u015f ortaklar\u0131na en fazla katma de\u011fer sa\u011flayan organizasyon olma hedefiyle i\u015f ortaklar\u0131n\u0131n toplu ya\u015fam ve \u00e7al\u0131\u015fma alanlar\u0131n\u0131 daha ya\u015fanabilir hale getirmek i\u00e7in mevcut varl\u0131k, kaynak ve ko\u015fullar\u0131 en iyi \u015fekilde y\u00f6netmek i\u00e7in 5 (be\u015f) temel de\u011feri benimser.<p><\/div><\/div>\n        <\/section>\t\t<\/div>\n\t\t\t\t<\/div>\n\t\t\t\t\t\t<\/div>\n\t\t\t\t\t<\/div>\n\t\t<\/div>\n\t\t\t\t\t\t\t\t<\/div>\n\t\t\t\t\t<\/div>\n\t\t<\/section>\n\t\t\t\t<section class=\"elementor-section elementor-top-section elementor-element elementor-element-ec90458 elementor-section-boxed elementor-section-height-default elementor-section-height-default\" data-id=\"ec90458\" data-element_type=\"section\">\n\t\t\t\t\t\t<div class=\"elementor-container elementor-column-gap-no\">\n\t\t\t\t\t\t\t<div class=\"elementor-row\">\n\t\t\t\t\t<div class=\"aux-parallax-section elementor-column elementor-col-50 elementor-top-column elementor-element elementor-element-e2169d3\" data-id=\"e2169d3\" data-element_type=\"column\">\n\t\t\t<div class=\"elementor-column-wrap elementor-element-populated\">\n\t\t\t\t\t\t\t<div class=\"elementor-widget-wrap\">\n\t\t\t\t\t\t<div class=\"elementor-element elementor-element-57dbd0b aux-appear-watch-animation aux-fade-in-right elementor-widget elementor-widget-aux_modern_heading\" data-id=\"57dbd0b\" data-element_type=\"widget\" data-widget_type=\"aux_modern_heading.default\">\n\t\t\t\t<div class=\"elementor-widget-container\">\n\t\t\t<section class=\"aux-widget-modern-heading\">\n            <div class=\"aux-widget-inner\"><h2 class=\"aux-modern-heading-primary\"><\/h2><h3 class=\"aux-modern-heading-secondary\"><span class=\"aux-head-before\">De\u011ferlerimiz<\/span><\/h3><\/div>\n        <\/section>\t\t<\/div>\n\t\t\t\t<\/div>\n\t\t\t\t<div class=\"elementor-element elementor-element-85969f3 aux-appear-watch-animation aux-fade-in-up elementor-widget elementor-widget-aux_modern_heading\" data-id=\"85969f3\" data-element_type=\"widget\" data-widget_type=\"aux_modern_heading.default\">\n\t\t\t\t<div class=\"elementor-widget-container\">\n\t\t\t<section class=\"aux-widget-modern-heading\">\n            <div class=\"aux-widget-inner\"><h2 class=\"aux-modern-heading-primary\"><\/h2><div class=\"aux-modern-heading-divider\"><\/div><div class=\"aux-modern-heading-description\"><p style=\"color:black\"><ul>\n \t<li>Deneyimli ve uzman bir ekip olarak tesis y\u00f6netimi konusunda uzman\u0131z.<\/li>\n \t<li>Kapsaml\u0131 hizmetler sunarak i\u015fletmenizin t\u00fcm ihtiya\u00e7lar\u0131n\u0131 kar\u015f\u0131l\u0131yoruz.<\/li>\n \t<li>M\u00fc\u015fteri memnuniyetine odaklanarak size \u00f6zel \u00e7\u00f6z\u00fcmler sunuyoruz.<\/li>\n \t<li>Teknolojik altyap\u0131m\u0131z sayesinde aidat da\u011f\u0131l\u0131mlar\u0131n\u0131z\u0131 otomatikle\u015ftiriyor ve online \u00f6demeleri kolayl\u0131kla y\u00f6netiyoruz.<\/li>\n \t<li>Esneklik g\u00f6stererek hizmetlerimizi ihtiya\u00e7lar\u0131n\u0131za \u00f6zelle\u015ftiriyoruz.<\/li>\n \t<li>G\u00fcvenilirlik ilkesiyle \u00e7al\u0131\u015f\u0131yor, profesyonel ekip ve s\u00fcrekli denetimlerle kalitemizi sa\u011fl\u0131yoruz.<\/li>\n \t<li>Maliyet avantaj\u0131 sunarak b\u00fct\u00e7enizi koruman\u0131za destek oluyoruz.<\/li>\n<\/ul><\/p><\/div><\/div>\n        <\/section>\t\t<\/div>\n\t\t\t\t<\/div>\n\t\t\t\t\t\t<\/div>\n\t\t\t\t\t<\/div>\n\t\t<\/div>\n\t\t\t\t<div class=\"aux-parallax-section elementor-column elementor-col-50 elementor-top-column elementor-element elementor-element-32f538f\" data-id=\"32f538f\" data-element_type=\"column\">\n\t\t\t<div class=\"elementor-column-wrap elementor-element-populated\">\n\t\t\t\t\t\t\t<div class=\"elementor-widget-wrap\">\n\t\t\t\t\t\t<div class=\"elementor-element elementor-element-752c168 aux-appear-watch-animation aux-fade-in-up elementor-widget elementor-widget-aux_progressbar\" data-id=\"752c168\" data-element_type=\"widget\" data-widget_type=\"aux_progressbar.default\">\n\t\t\t\t<div class=\"elementor-widget-container\">\n\t\t\t<section class=\"widget-container aux-widget-progressbar aux-parent-auf229a27e\" style=\"\" ><div class=\"aux-progressbar-container\"><h4 class=\"aux-progressbar-title\"><i class=\"aux-progressbar-icon \"><\/i>M\u00fc\u015fteri Odakl\u0131l\u0131k<\/h4><div class=\"aux-progressbar-svg \"><span class=\"aux-progressbar-value\" style=\"left:100%\">100%<\/span><div class='aux-outer-background' style='height: 10px;'><div class='aux-inner-background' style='top:0px;width:100%;height:10px;'><\/div><\/div><\/div><\/div><\/section><!-- widget-container -->\t\t<\/div>\n\t\t\t\t<\/div>\n\t\t\t\t<div class=\"elementor-element elementor-element-463fc2a aux-appear-watch-animation aux-fade-in-up elementor-widget elementor-widget-aux_progressbar\" data-id=\"463fc2a\" data-element_type=\"widget\" data-widget_type=\"aux_progressbar.default\">\n\t\t\t\t<div class=\"elementor-widget-container\">\n\t\t\t<section class=\"widget-container aux-widget-progressbar aux-parent-au57bc3290\" style=\"\" ><div class=\"aux-progressbar-container\"><h4 class=\"aux-progressbar-title\"><i class=\"aux-progressbar-icon \"><\/i>De\u011fi\u015fime A\u00e7\u0131kl\u0131k<\/h4><div class=\"aux-progressbar-svg \"><span class=\"aux-progressbar-value\" style=\"left:100%\">100%<\/span><div class='aux-outer-background' style='height: 10px;'><div class='aux-inner-background' style='top:0px;width:100%;height:10px;'><\/div><\/div><\/div><\/div><\/section><!-- widget-container -->\t\t<\/div>\n\t\t\t\t<\/div>\n\t\t\t\t<div class=\"elementor-element elementor-element-e250eba aux-appear-watch-animation aux-fade-in-up elementor-widget elementor-widget-aux_progressbar\" data-id=\"e250eba\" data-element_type=\"widget\" data-widget_type=\"aux_progressbar.default\">\n\t\t\t\t<div class=\"elementor-widget-container\">\n\t\t\t<section class=\"widget-container aux-widget-progressbar aux-parent-au04f373db\" style=\"\" ><div class=\"aux-progressbar-container\"><h4 class=\"aux-progressbar-title\"><i class=\"aux-progressbar-icon \"><\/i>Yarat\u0131c\u0131l\u0131k<\/h4><div class=\"aux-progressbar-svg \"><span class=\"aux-progressbar-value\" style=\"left:100%\">100%<\/span><div class='aux-outer-background' style='height: 10px;'><div class='aux-inner-background' style='top:0px;width:100%;height:10px;'><\/div><\/div><\/div><\/div><\/section><!-- widget-container -->\t\t<\/div>\n\t\t\t\t<\/div>\n\t\t\t\t<div class=\"elementor-element elementor-element-c246a47 aux-appear-watch-animation aux-fade-in-up elementor-widget elementor-widget-aux_progressbar\" data-id=\"c246a47\" data-element_type=\"widget\" data-widget_type=\"aux_progressbar.default\">\n\t\t\t\t<div class=\"elementor-widget-container\">\n\t\t\t<section class=\"widget-container aux-widget-progressbar aux-parent-auf7f34529\" style=\"\" ><div class=\"aux-progressbar-container\"><h4 class=\"aux-progressbar-title\"><i class=\"aux-progressbar-icon \"><\/i>Proaktif Olmak<\/h4><div class=\"aux-progressbar-svg \"><span class=\"aux-progressbar-value\" style=\"left:100%\">100%<\/span><div class='aux-outer-background' style='height: 10px;'><div class='aux-inner-background' style='top:0px;width:100%;height:10px;'><\/div><\/div><\/div><\/div><\/section><!-- widget-container -->\t\t<\/div>\n\t\t\t\t<\/div>\n\t\t\t\t<div class=\"elementor-element elementor-element-2c047d4 aux-appear-watch-animation aux-fade-in-up elementor-widget elementor-widget-aux_progressbar\" data-id=\"2c047d4\" data-element_type=\"widget\" data-widget_type=\"aux_progressbar.default\">\n\t\t\t\t<div class=\"elementor-widget-container\">\n\t\t\t<section class=\"widget-container aux-widget-progressbar aux-parent-aub0d29632\" style=\"\" ><div class=\"aux-progressbar-container\"><h4 class=\"aux-progressbar-title\"><i class=\"aux-progressbar-icon \"><\/i>Do\u011fruluk<\/h4><div class=\"aux-progressbar-svg \"><span class=\"aux-progressbar-value\" style=\"left:100%\">100%<\/span><div class='aux-outer-background' style='height: 10px;'><div class='aux-inner-background' style='top:0px;width:100%;height:10px;'><\/div><\/div><\/div><\/div><\/section><!-- widget-container -->\t\t<\/div>\n\t\t\t\t<\/div>\n\t\t\t\t\t\t<\/div>\n\t\t\t\t\t<\/div>\n\t\t<\/div>\n\t\t\t\t\t\t\t\t<\/div>\n\t\t\t\t\t<\/div>\n\t\t<\/section>\n\t\t\t\t\t\t\t\t\t<\/div>\n\t\t\t<\/div>\n\t\t\t\t\t<\/div>\n\t\t","protected":false},"excerpt":{"rendered":"<p>Hakk\u0131m\u0131zda Hakk\u0131m\u0131zda Evacity Tesis Y\u00f6netimi G\u00fcn\u00fcm\u00fcz metropollerinde in\u015faat firmalar\u0131n\u0131n yeni nesil mimari konseptinde yapt\u0131klar\u0131 toplu ya\u015fam alanlar\u0131 ba\u015fta olmak \u00fczere, residence ve i\u015f merkezi gibi t\u00fcm dikey ve yatay binalar\u0131n \u0130dari Y\u00f6netim, Finans ve Muhasebe Y\u00f6netimi, M\u00fc\u015fteri \u0130li\u015fkileri Y\u00f6netimi, Temizlik, \u00d6zel G\u00fcvenlik, Teknik \u0130\u015fletim ve Bak\u0131m Onar\u0131m, Havuz ve Bah\u00e7e Bak\u0131m\u0131, Dan\u0131\u015fma ve Resepsiyon ile [&hellip;]<\/p>\n","protected":false},"author":1,"featured_media":0,"parent":0,"menu_order":0,"comment_status":"closed","ping_status":"closed","template":"templates\/page-builder-content.php","meta":{"footnotes":""},"class_list":["post-4393","page","type-page","status-publish","hentry"],"_links":{"self":[{"href":"https:\/\/evacityyonetim.com\/index.php?rest_route=\/wp\/v2\/pages\/4393","targetHints":{"allow":["GET"]}}],"collection":[{"href":"https:\/\/evacityyonetim.com\/index.php?rest_route=\/wp\/v2\/pages"}],"about":[{"href":"https:\/\/evacityyonetim.com\/index.php?rest_route=\/wp\/v2\/types\/page"}],"author":[{"embeddable":true,"href":"https:\/\/evacityyonetim.com\/index.php?rest_route=\/wp\/v2\/users\/1"}],"replies":[{"embeddable":true,"href":"https:\/\/evacityyonetim.com\/index.php?rest_route=%2Fwp%2Fv2%2Fcomments&post=4393"}],"version-history":[{"count":26,"href":"https:\/\/evacityyonetim.com\/index.php?rest_route=\/wp\/v2\/pages\/4393\/revisions"}],"predecessor-version":[{"id":4888,"href":"https:\/\/evacityyonetim.com\/index.php?rest_route=\/wp\/v2\/pages\/4393\/revisions\/4888"}],"wp:attachment":[{"href":"https:\/\/evacityyonetim.com\/index.php?rest_route=%2Fwp%2Fv2%2Fmedia&parent=4393"}],"curies":[{"name":"wp","href":"https:\/\/api.w.org\/{rel}","templated":true}]}}