{"id":4408,"date":"2023-05-29T18:31:36","date_gmt":"2023-05-29T18:31:36","guid":{"rendered":"https:\/\/evacityyonetim.com\/?page_id=4408"},"modified":"2023-05-30T22:08:15","modified_gmt":"2023-05-30T22:08:15","slug":"tesis-yonetim-hizmetleri","status":"publish","type":"page","link":"https:\/\/evacityyonetim.com\/?page_id=4408","title":{"rendered":"Tesis Y\u00f6netim Hizmetleri"},"content":{"rendered":"\t\t<div data-elementor-type=\"wp-page\" data-elementor-id=\"4408\" class=\"elementor elementor-4408\">\n\t\t\t\t\t\t<div class=\"elementor-inner\">\n\t\t\t\t<div class=\"elementor-section-wrap\">\n\t\t\t\t\t\t\t\t\t<section class=\"elementor-section elementor-top-section elementor-element elementor-element-e7e5f1e elementor-section-boxed elementor-section-height-default elementor-section-height-default\" data-id=\"e7e5f1e\" data-element_type=\"section\">\n\t\t\t\t\t\t<div class=\"elementor-container elementor-column-gap-default\">\n\t\t\t\t\t\t\t<div class=\"elementor-row\">\n\t\t\t\t\t<div class=\"aux-parallax-section elementor-column elementor-col-100 elementor-top-column elementor-element elementor-element-ce1c588\" data-id=\"ce1c588\" data-element_type=\"column\">\n\t\t\t<div class=\"elementor-column-wrap elementor-element-populated\">\n\t\t\t\t\t\t\t<div class=\"elementor-widget-wrap\">\n\t\t\t\t\t\t<div class=\"elementor-element elementor-element-bd28c30 elementor-widget elementor-widget-image\" data-id=\"bd28c30\" data-element_type=\"widget\" data-widget_type=\"image.default\">\n\t\t\t\t<div class=\"elementor-widget-container\">\n\t\t\t\t\t\t\t\t<div class=\"elementor-image\">\n\t\t\t\t\t\t\t\t\t\t\t\t<img decoding=\"async\" src=\"https:\/\/evacityyonetim.com\/wp-content\/uploads\/2023\/05\/temizlik-yonetim-sistemleri-scaled.jpg\" title=\"temizlik-yonetim-sistemleri\" alt=\"temizlik-yonetim-sistemleri\" loading=\"lazy\" \/>\t\t\t\t\t\t\t\t\t\t\t\t\t\t<\/div>\n\t\t\t\t\t\t<\/div>\n\t\t\t\t<\/div>\n\t\t\t\t\t\t<\/div>\n\t\t\t\t\t<\/div>\n\t\t<\/div>\n\t\t\t\t\t\t\t\t<\/div>\n\t\t\t\t\t<\/div>\n\t\t<\/section>\n\t\t\t\t<section class=\"elementor-section elementor-top-section elementor-element elementor-element-b05a75b elementor-section-boxed elementor-section-height-default elementor-section-height-default\" data-id=\"b05a75b\" data-element_type=\"section\">\n\t\t\t\t\t\t<div class=\"elementor-container elementor-column-gap-default\">\n\t\t\t\t\t\t\t<div class=\"elementor-row\">\n\t\t\t\t\t<div class=\"aux-parallax-section elementor-column elementor-col-100 elementor-top-column elementor-element elementor-element-65964ad\" data-id=\"65964ad\" data-element_type=\"column\">\n\t\t\t<div class=\"elementor-column-wrap elementor-element-populated\">\n\t\t\t\t\t\t\t<div class=\"elementor-widget-wrap\">\n\t\t\t\t\t\t<div class=\"elementor-element elementor-element-e4c9a1e aux-appear-watch-animation aux-fade-in-right elementor-widget elementor-widget-aux_modern_heading\" data-id=\"e4c9a1e\" data-element_type=\"widget\" data-widget_type=\"aux_modern_heading.default\">\n\t\t\t\t<div class=\"elementor-widget-container\">\n\t\t\t<section class=\"aux-widget-modern-heading\">\n            <div class=\"aux-widget-inner\"><h2 class=\"aux-modern-heading-primary\"><\/h2><h3 class=\"aux-modern-heading-secondary\"><span class=\"aux-head-before\">Tesis y\u00f6netim Hizmetleri<\/span><\/h3><\/div>\n        <\/section>\t\t<\/div>\n\t\t\t\t<\/div>\n\t\t\t\t<div class=\"elementor-element elementor-element-5c95e5e elementor-widget elementor-widget-text-editor\" data-id=\"5c95e5e\" data-element_type=\"widget\" data-widget_type=\"text-editor.default\">\n\t\t\t\t<div class=\"elementor-widget-container\">\n\t\t\t\t\t\t\t\t<div class=\"elementor-text-editor elementor-clearfix\">\n\t\t\t\t<p style=\"text-align: left;\">Uzman Tesis Y\u00f6netim Hizmetleri kadromuz ile i\u015f ortaklar\u0131m\u0131za ait toplu yap\u0131, residence ve i\u015f merkezi gibi ya\u015fam alanlar\u0131n\u0131n \u015fantiye a\u015famas\u0131\/in\u015faat hali ve anahtar teslimi s\u00fcre\u00e7lerinde;<\/p><ul style=\"text-align: left;\"><li>Tesis Y\u00f6netimi Master Pl\u00e2n\u0131n\u0131n haz\u0131rlanmas\u0131,<\/li><li>Y\u00f6netim Plan\u0131n\u0131n haz\u0131rlanmas\u0131,<\/li><li>Ge\u00e7ici Y\u00f6netim ve Malik Y\u00f6netimi kurulumu,<\/li><li>\u0130\u015fletme B\u00fct\u00e7esinin haz\u0131rlanmas\u0131,<\/li><li>\u201cLife Cycle Cost\u201d (Ya\u015fam D\u00f6ng\u00fcs\u00fc Maliyeti) analizleri,<\/li><li>Y\u00f6netim senaryolar\u0131n\u0131n olu\u015fturulmas\u0131,<\/li><li>\u0130yi bir i\u015fletmenin gerekliliklerine ili\u015fkin bilgi birikimini yans\u0131tmak ve ileride do\u011fabilecek aksakl\u0131klar\u0131 \u00f6nlemek \u00fczere mimari ve teknik tasar\u0131mlar\u0131n g\u00f6zden ge\u00e7irilmesi, y\u00f6netim ve ya\u015fam senaryolar\u0131na uyumla\u015ft\u0131r\u0131lmas\u0131,<\/li><li>Projeyi ve ekipmanlar\u0131n\u0131 teslim ve devreye alma,<\/li><li>CAFM (Bilgisayar Destekli Tesis Y\u00f6netimi ve \u0130\u015fletimi) uyarlamas\u0131,<\/li><li>SLA ve KPI\u2019 lar\u0131n belirlenmesi,<\/li><li>Uygulanan t\u00fcm hizmetlerin sahada denetlenmesi ve tasarruf kalemlerinin geli\u015ftirilmesi,<\/li><\/ul><p style=\"text-align: left;\">konular\u0131nda sundu\u011fumuz\u00a0<b>360 derecelik Tesis Y\u00f6netim Hizmetlerimiz<\/b>\u00a0ile de\u011fer kat\u0131yoruz.<\/p><p style=\"text-align: left;\">Aidatlar\u0131n\u0131z\u0131 da\u011f\u0131l\u0131m kriterlerine g\u00f6re belirliyor, ayl\u0131k tebli\u011fleri yap\u0131p, topluyor ve muhasebele\u015ftiriyoruz. \u0130htiya\u00e7 duyulan hukuki deste\u011fi, konusunda uzman hukuk kadromuz ile kar\u015f\u0131l\u0131yoruz. \u00d6denmeyen t\u00fcm bor\u00e7lara etkin bir \u015fekilde hakim oluyor, tahsilat noktas\u0131nda gerekli hukuki s\u00fcreci en h\u0131zl\u0131 \u015fekilde ba\u015flat\u0131yoruz.<\/p><p style=\"text-align: left;\">Genel kurul haz\u0131rl\u0131klar\u0131n\u0131z\u0131 yap\u0131yor ve genel kurulu y\u00f6netiyoruz. Tesisin t\u00fcm alanlar\u0131ndaki hizmet ihtiya\u00e7lar\u0131na\u00a0<b>\u201ctek elden\u201d\u00a0<\/b>\u00e7\u00f6z\u00fcmler \u00fcretiyor, ya\u015fam alanlar\u0131n\u0131n do\u011fru y\u00f6ntemlerle y\u00f6netilmesine olanak tan\u0131yoruz. Gelir ve giderlerinizi yar\u0131nlara endeksleyerek en verimli \u015fekilde planl\u0131yor, b\u00fct\u00e7enizi etkin bir bi\u00e7imde kulland\u0131r\u0131yoruz.<\/p><p style=\"text-align: left;\"><b>EVACITY\u00a0 Tesis Y\u00f6netim Hizmetleri<\/b>\u00a0olarak y\u00f6netimsel neye ihtiyac\u0131n\u0131z varsa sizin ad\u0131n\u0131za \u00fcretiyor, \u00e7\u00f6z\u00fcyor ve y\u00f6netiyoruz.<\/p>\t\t\t\t\t<\/div>\n\t\t\t\t\t\t<\/div>\n\t\t\t\t<\/div>\n\t\t\t\t\t\t<\/div>\n\t\t\t\t\t<\/div>\n\t\t<\/div>\n\t\t\t\t\t\t\t\t<\/div>\n\t\t\t\t\t<\/div>\n\t\t<\/section>\n\t\t\t\t<section class=\"elementor-section elementor-top-section elementor-element elementor-element-2d8ce56b elementor-section-boxed elementor-section-height-default elementor-section-height-default\" data-id=\"2d8ce56b\" data-element_type=\"section\">\n\t\t\t\t\t\t<div class=\"elementor-container elementor-column-gap-no\">\n\t\t\t\t\t\t\t<div class=\"elementor-row\">\n\t\t\t\t\t<div class=\"aux-parallax-section elementor-column elementor-col-100 elementor-top-column elementor-element elementor-element-7deb14e\" data-id=\"7deb14e\" data-element_type=\"column\" data-settings=\"{&quot;background_background&quot;:&quot;gradient&quot;}\">\n\t\t\t<div class=\"elementor-column-wrap elementor-element-populated\">\n\t\t\t\t\t\t\t<div class=\"elementor-widget-wrap\">\n\t\t\t\t\t\t<section class=\"elementor-section elementor-inner-section elementor-element elementor-element-31b099c1 elementor-section-boxed elementor-section-height-default elementor-section-height-default\" data-id=\"31b099c1\" data-element_type=\"section\">\n\t\t\t\t\t\t<div class=\"elementor-container elementor-column-gap-default\">\n\t\t\t\t\t\t\t<div class=\"elementor-row\">\n\t\t\t\t\t<div class=\"aux-parallax-section elementor-column elementor-col-33 elementor-inner-column elementor-element elementor-element-7c0096b3\" data-id=\"7c0096b3\" data-element_type=\"column\">\n\t\t\t<div class=\"elementor-column-wrap elementor-element-populated\">\n\t\t\t\t\t\t\t<div class=\"elementor-widget-wrap\">\n\t\t\t\t\t\t<div class=\"elementor-element elementor-element-183f70ba elementor-widget__width-auto aux-appear-watch-animation aux-slide-from-bot elementor-widget elementor-widget-counter\" data-id=\"183f70ba\" data-element_type=\"widget\" data-widget_type=\"counter.default\">\n\t\t\t\t<div class=\"elementor-widget-container\">\n\t\t\t\t\t<div class=\"elementor-counter\">\n\t\t\t<div class=\"elementor-counter-number-wrapper\">\n\t\t\t\t<span class=\"elementor-counter-number-prefix\"><\/span>\n\t\t\t\t<span class=\"elementor-counter-number\" data-duration=\"2000\" data-to-value=\"99\" data-from-value=\"0\" data-delimiter=\",\">0<\/span>\n\t\t\t\t<span class=\"elementor-counter-number-suffix\">%<\/span>\n\t\t\t<\/div>\n\t\t\t\t\t<\/div>\n\t\t\t\t<\/div>\n\t\t\t\t<\/div>\n\t\t\t\t<div class=\"elementor-element elementor-element-1c9a28e9 elementor-widget__width-auto elementor-widget-tablet__width-inherit elementor-widget-mobile__width-auto aux-appear-watch-animation aux-slide-from-top elementor-widget elementor-widget-aux_modern_heading\" data-id=\"1c9a28e9\" data-element_type=\"widget\" data-widget_type=\"aux_modern_heading.default\">\n\t\t\t\t<div class=\"elementor-widget-container\">\n\t\t\t<section class=\"aux-widget-modern-heading\">\n            <div class=\"aux-widget-inner\"><h2 class=\"aux-modern-heading-primary\">Mutlu M\u00fc\u015fteri<\/h2><\/div>\n        <\/section>\t\t<\/div>\n\t\t\t\t<\/div>\n\t\t\t\t\t\t<\/div>\n\t\t\t\t\t<\/div>\n\t\t<\/div>\n\t\t\t\t<div class=\"aux-parallax-section elementor-column elementor-col-33 elementor-inner-column elementor-element elementor-element-11c57577\" data-id=\"11c57577\" data-element_type=\"column\">\n\t\t\t<div class=\"elementor-column-wrap elementor-element-populated\">\n\t\t\t\t\t\t\t<div class=\"elementor-widget-wrap\">\n\t\t\t\t\t\t<div class=\"elementor-element elementor-element-7948b443 elementor-widget__width-auto aux-appear-watch-animation aux-slide-from-bot elementor-widget elementor-widget-counter\" data-id=\"7948b443\" data-element_type=\"widget\" data-widget_type=\"counter.default\">\n\t\t\t\t<div class=\"elementor-widget-container\">\n\t\t\t\t\t<div class=\"elementor-counter\">\n\t\t\t<div class=\"elementor-counter-number-wrapper\">\n\t\t\t\t<span class=\"elementor-counter-number-prefix\"><\/span>\n\t\t\t\t<span class=\"elementor-counter-number\" data-duration=\"2000\" data-to-value=\"50\" data-from-value=\"0\" data-delimiter=\",\">0<\/span>\n\t\t\t\t<span class=\"elementor-counter-number-suffix\">+<\/span>\n\t\t\t<\/div>\n\t\t\t\t\t<\/div>\n\t\t\t\t<\/div>\n\t\t\t\t<\/div>\n\t\t\t\t<div class=\"elementor-element elementor-element-3982f45b elementor-widget__width-auto elementor-widget-tablet__width-inherit elementor-widget-mobile__width-auto aux-appear-watch-animation aux-slide-from-top elementor-widget elementor-widget-aux_modern_heading\" data-id=\"3982f45b\" data-element_type=\"widget\" data-widget_type=\"aux_modern_heading.default\">\n\t\t\t\t<div class=\"elementor-widget-container\">\n\t\t\t<section class=\"aux-widget-modern-heading\">\n            <div class=\"aux-widget-inner\"><h2 class=\"aux-modern-heading-primary\">M\u00fc\u015fteriler<\/h2><\/div>\n        <\/section>\t\t<\/div>\n\t\t\t\t<\/div>\n\t\t\t\t\t\t<\/div>\n\t\t\t\t\t<\/div>\n\t\t<\/div>\n\t\t\t\t<div class=\"aux-parallax-section elementor-column elementor-col-33 elementor-inner-column elementor-element elementor-element-4bd940c8\" data-id=\"4bd940c8\" data-element_type=\"column\">\n\t\t\t<div class=\"elementor-column-wrap elementor-element-populated\">\n\t\t\t\t\t\t\t<div class=\"elementor-widget-wrap\">\n\t\t\t\t\t\t<div class=\"elementor-element elementor-element-55c8886f elementor-widget__width-auto aux-appear-watch-animation aux-slide-from-bot elementor-widget elementor-widget-counter\" data-id=\"55c8886f\" data-element_type=\"widget\" data-widget_type=\"counter.default\">\n\t\t\t\t<div class=\"elementor-widget-container\">\n\t\t\t\t\t<div class=\"elementor-counter\">\n\t\t\t<div class=\"elementor-counter-number-wrapper\">\n\t\t\t\t<span class=\"elementor-counter-number-prefix\"><\/span>\n\t\t\t\t<span class=\"elementor-counter-number\" data-duration=\"2000\" data-to-value=\"9\" data-from-value=\"0\" data-delimiter=\",\">0<\/span>\n\t\t\t\t<span class=\"elementor-counter-number-suffix\"><\/span>\n\t\t\t<\/div>\n\t\t\t\t\t<\/div>\n\t\t\t\t<\/div>\n\t\t\t\t<\/div>\n\t\t\t\t<div class=\"elementor-element elementor-element-300bae13 elementor-widget__width-auto elementor-widget-tablet__width-inherit elementor-widget-mobile__width-auto aux-appear-watch-animation aux-slide-from-top elementor-widget elementor-widget-aux_modern_heading\" data-id=\"300bae13\" data-element_type=\"widget\" data-widget_type=\"aux_modern_heading.default\">\n\t\t\t\t<div class=\"elementor-widget-container\">\n\t\t\t<section class=\"aux-widget-modern-heading\">\n            <div class=\"aux-widget-inner\"><h2 class=\"aux-modern-heading-primary\">Y\u0131ll\u0131k Tecr\u00fcbe<\/h2><\/div>\n        <\/section>\t\t<\/div>\n\t\t\t\t<\/div>\n\t\t\t\t\t\t<\/div>\n\t\t\t\t\t<\/div>\n\t\t<\/div>\n\t\t\t\t\t\t\t\t<\/div>\n\t\t\t\t\t<\/div>\n\t\t<\/section>\n\t\t\t\t\t\t<\/div>\n\t\t\t\t\t<\/div>\n\t\t<\/div>\n\t\t\t\t\t\t\t\t<\/div>\n\t\t\t\t\t<\/div>\n\t\t<\/section>\n\t\t\t\t\t\t\t\t\t<\/div>\n\t\t\t<\/div>\n\t\t\t\t\t<\/div>\n\t\t","protected":false},"excerpt":{"rendered":"<p>Tesis y\u00f6netim Hizmetleri Uzman Tesis Y\u00f6netim Hizmetleri kadromuz ile i\u015f ortaklar\u0131m\u0131za ait toplu yap\u0131, residence ve i\u015f merkezi gibi ya\u015fam alanlar\u0131n\u0131n \u015fantiye a\u015famas\u0131\/in\u015faat hali ve anahtar teslimi s\u00fcre\u00e7lerinde; Tesis Y\u00f6netimi Master Pl\u00e2n\u0131n\u0131n haz\u0131rlanmas\u0131, Y\u00f6netim Plan\u0131n\u0131n haz\u0131rlanmas\u0131, Ge\u00e7ici Y\u00f6netim ve Malik Y\u00f6netimi kurulumu, \u0130\u015fletme B\u00fct\u00e7esinin haz\u0131rlanmas\u0131, \u201cLife Cycle Cost\u201d (Ya\u015fam D\u00f6ng\u00fcs\u00fc Maliyeti) analizleri, Y\u00f6netim senaryolar\u0131n\u0131n olu\u015fturulmas\u0131, [&hellip;]<\/p>\n","protected":false},"author":1,"featured_media":0,"parent":0,"menu_order":0,"comment_status":"closed","ping_status":"closed","template":"","meta":{"footnotes":""},"class_list":["post-4408","page","type-page","status-publish","hentry"],"_links":{"self":[{"href":"https:\/\/evacityyonetim.com\/index.php?rest_route=\/wp\/v2\/pages\/4408","targetHints":{"allow":["GET"]}}],"collection":[{"href":"https:\/\/evacityyonetim.com\/index.php?rest_route=\/wp\/v2\/pages"}],"about":[{"href":"https:\/\/evacityyonetim.com\/index.php?rest_route=\/wp\/v2\/types\/page"}],"author":[{"embeddable":true,"href":"https:\/\/evacityyonetim.com\/index.php?rest_route=\/wp\/v2\/users\/1"}],"replies":[{"embeddable":true,"href":"https:\/\/evacityyonetim.com\/index.php?rest_route=%2Fwp%2Fv2%2Fcomments&post=4408"}],"version-history":[{"count":27,"href":"https:\/\/evacityyonetim.com\/index.php?rest_route=\/wp\/v2\/pages\/4408\/revisions"}],"predecessor-version":[{"id":4791,"href":"https:\/\/evacityyonetim.com\/index.php?rest_route=\/wp\/v2\/pages\/4408\/revisions\/4791"}],"wp:attachment":[{"href":"https:\/\/evacityyonetim.com\/index.php?rest_route=%2Fwp%2Fv2%2Fmedia&parent=4408"}],"curies":[{"name":"wp","href":"https:\/\/api.w.org\/{rel}","templated":true}]}}