{"id":4410,"date":"2023-05-29T18:32:00","date_gmt":"2023-05-29T18:32:00","guid":{"rendered":"https:\/\/evacityyonetim.com\/?page_id=4410"},"modified":"2023-05-30T22:20:48","modified_gmt":"2023-05-30T22:20:48","slug":"temizlik-hizmetleri","status":"publish","type":"page","link":"https:\/\/evacityyonetim.com\/?page_id=4410","title":{"rendered":"Temizlik Hizmetleri"},"content":{"rendered":"\t\t<div data-elementor-type=\"wp-page\" data-elementor-id=\"4410\" class=\"elementor elementor-4410\">\n\t\t\t\t\t\t<div class=\"elementor-inner\">\n\t\t\t\t<div class=\"elementor-section-wrap\">\n\t\t\t\t\t\t\t\t\t<section class=\"elementor-section elementor-top-section elementor-element elementor-element-aa44647 elementor-section-boxed elementor-section-height-default elementor-section-height-default\" data-id=\"aa44647\" data-element_type=\"section\">\n\t\t\t\t\t\t<div class=\"elementor-container elementor-column-gap-default\">\n\t\t\t\t\t\t\t<div class=\"elementor-row\">\n\t\t\t\t\t<div class=\"aux-parallax-section elementor-column elementor-col-100 elementor-top-column elementor-element elementor-element-b9dca0f\" data-id=\"b9dca0f\" data-element_type=\"column\">\n\t\t\t<div class=\"elementor-column-wrap elementor-element-populated\">\n\t\t\t\t\t\t\t<div class=\"elementor-widget-wrap\">\n\t\t\t\t\t\t<div class=\"elementor-element elementor-element-ada1a4b elementor-widget elementor-widget-image\" data-id=\"ada1a4b\" data-element_type=\"widget\" data-widget_type=\"image.default\">\n\t\t\t\t<div class=\"elementor-widget-container\">\n\t\t\t\t\t\t\t\t<div class=\"elementor-image\">\n\t\t\t\t\t\t\t\t\t\t\t\t<img decoding=\"async\" src=\"https:\/\/evacityyonetim.com\/wp-content\/uploads\/elementor\/thumbs\/evacitytesisyonetimi-3-q78t49a759bxpnvp2jdlafss5jh5qnl6xpns9vhujk.jpeg\" title=\"evacitytesisyonetimi-3\" alt=\"evacitytesisyonetimi-3\" loading=\"lazy\" \/>\t\t\t\t\t\t\t\t\t\t\t\t\t\t<\/div>\n\t\t\t\t\t\t<\/div>\n\t\t\t\t<\/div>\n\t\t\t\t<div class=\"elementor-element elementor-element-4358a971 aux-appear-watch-animation aux-fade-in-right elementor-widget elementor-widget-aux_modern_heading\" data-id=\"4358a971\" data-element_type=\"widget\" data-widget_type=\"aux_modern_heading.default\">\n\t\t\t\t<div class=\"elementor-widget-container\">\n\t\t\t<section class=\"aux-widget-modern-heading\">\n            <div class=\"aux-widget-inner\"><h2 class=\"aux-modern-heading-primary\"><\/h2><h3 class=\"aux-modern-heading-secondary\"><span class=\"aux-head-before\">Tesis y\u00f6netim Hizmetleri<\/span><\/h3><\/div>\n        <\/section>\t\t<\/div>\n\t\t\t\t<\/div>\n\t\t\t\t<div class=\"elementor-element elementor-element-37d78ed elementor-widget elementor-widget-text-editor\" data-id=\"37d78ed\" data-element_type=\"widget\" data-widget_type=\"text-editor.default\">\n\t\t\t\t<div class=\"elementor-widget-container\">\n\t\t\t\t\t\t\t\t<div class=\"elementor-text-editor elementor-clearfix\">\n\t\t\t\t<div class=\"elementor-element elementor-element-6b311bb elementor-widget elementor-widget-vc_custom_heading\" style=\"text-align: left;\" data-id=\"6b311bb\" data-element_type=\"widget\" data-widget_type=\"vc_custom_heading.default\"><div class=\"elementor-widget-container\"><div class=\" vc_custom_heading consulting_heading_font text_align_left\"><h2 class=\"consulting-custom-title\"><b style=\"font-size: 16px;\">EVACITY,<\/b><span style=\"font-size: 16px;\">\u00a0siz de\u011ferli m\u00fc\u015fterilerinin ihtiya\u00e7 ve isteklerini g\u00f6z \u00f6n\u00fcnde bulundurarak \u00e7\u00f6z\u00fcmler \u00fcretip, yeni y\u00f6ntemler geli\u015ftirerek, temizlik kalitesini ve personel \u00e7al\u0131\u015fma ko\u015fullar\u0131n\u0131 iyile\u015ftirir.<\/span><\/h2><\/div><\/div><\/div><div class=\"elementor-element elementor-element-6b316d4 elementor-widget elementor-widget-text-editor\" data-id=\"6b316d4\" data-element_type=\"widget\" data-widget_type=\"text-editor.default\"><div class=\"elementor-widget-container\"><p style=\"text-align: left;\">Projelerde verilen Temizlik Hizmetleri do\u011frultusunda yap\u0131lan kalite kontrol uygulamalar\u0131 (KPI) ba\u015fta olmak \u00fczere, personel ve hizmet performans de\u011ferlendirmeleri ve m\u00fc\u015fteri de\u011ferlendirme anketleri sayesinde beklentilerin kar\u015f\u0131land\u0131\u011f\u0131ndan emin olur.<\/p><p style=\"text-align: left;\">T\u00fcm dikey ve yatay binalar\u0131n, residence ve toplu konutlar\u0131n, hotel ve al\u0131\u015fveri\u015f merkezlerinin, hastane ve di\u011fer sa\u011fl\u0131k kurulu\u015flar\u0131n\u0131n, e\u011fitim kurumlar\u0131n\u0131n, fabrika ve sanayi sitelerinin, spor tesisleri, zincir ma\u011faza ve marketlerin, marinalar\u0131n, havaalan\u0131, fuar ve restoranlar\u0131n\u00a0 g\u00fcnl\u00fck ortak alan temizlikleri ba\u015fta olmak \u00fczere, ofis temizli\u011finden end\u00fcstriyel temizli\u011fe, hijyenik odalar\u0131n temizli\u011finden, i\u00e7 ve d\u0131\u015f cephe cam temizli\u011fine bir \u00e7ok farkl\u0131 hizmeti bir arada sunan\u00a0<b>EVACITY <\/b>, en yeni teknolojik \u00fcr\u00fcnler ve makine ekipmanlar\u0131 ile ya\u015fam alan\u0131n\u0131zda hayal etti\u011finiz kaliteli hizmeti sa\u011flar.<\/p><p style=\"text-align: left;\"><b><br \/>Temizlik Hizmetleri<\/b><\/p><p style=\"text-align: left;\">Sert Zemin Bak\u0131m\u0131 ve Cilalama<\/p><p style=\"text-align: left;\">Cam Temizli\u011fi<\/p><p style=\"text-align: left;\">Hijyenik, Dezenfekte Oda Temizli\u011fi<\/p><p style=\"text-align: left;\">End\u00fcstriyel Alan Temizli\u011fi<\/p><p style=\"text-align: left;\">End\u00fcstriyel Da\u011fc\u0131l\u0131k ve D\u0131\u015f Cephe Temizli\u011fi<\/p><p style=\"text-align: left;\">D\u0131\u015f alan, Bah\u00e7e Temizli\u011fi<\/p><p style=\"text-align: left;\">Havuz, G\u00f6let &amp; Sosyal Tesis Bak\u0131m\u0131<\/p><p style=\"text-align: left;\">At\u0131k Y\u00f6netimi<\/p><p style=\"text-align: left;\">Sarf Malzeme Tedari\u011fi<\/p><p style=\"text-align: left;\">Depo Y\u00f6netimi<\/p><\/div><\/div>\t\t\t\t\t<\/div>\n\t\t\t\t\t\t<\/div>\n\t\t\t\t<\/div>\n\t\t\t\t\t\t<\/div>\n\t\t\t\t\t<\/div>\n\t\t<\/div>\n\t\t\t\t\t\t\t\t<\/div>\n\t\t\t\t\t<\/div>\n\t\t<\/section>\n\t\t\t\t<section class=\"elementor-section elementor-top-section elementor-element elementor-element-4390c0ac elementor-section-boxed elementor-section-height-default elementor-section-height-default\" data-id=\"4390c0ac\" data-element_type=\"section\">\n\t\t\t\t\t\t<div class=\"elementor-container elementor-column-gap-no\">\n\t\t\t\t\t\t\t<div class=\"elementor-row\">\n\t\t\t\t\t<div class=\"aux-parallax-section elementor-column elementor-col-100 elementor-top-column elementor-element elementor-element-7b296ca9\" data-id=\"7b296ca9\" data-element_type=\"column\" data-settings=\"{&quot;background_background&quot;:&quot;gradient&quot;}\">\n\t\t\t<div class=\"elementor-column-wrap elementor-element-populated\">\n\t\t\t\t\t\t\t<div class=\"elementor-widget-wrap\">\n\t\t\t\t\t\t<section class=\"elementor-section elementor-inner-section elementor-element elementor-element-23559b28 elementor-section-height-min-height elementor-section-boxed elementor-section-height-default\" data-id=\"23559b28\" data-element_type=\"section\">\n\t\t\t\t\t\t<div class=\"elementor-container elementor-column-gap-default\">\n\t\t\t\t\t\t\t<div class=\"elementor-row\">\n\t\t\t\t\t<div class=\"aux-parallax-section elementor-column elementor-col-50 elementor-inner-column elementor-element elementor-element-5b3e5b17\" data-id=\"5b3e5b17\" data-element_type=\"column\">\n\t\t\t<div class=\"elementor-column-wrap elementor-element-populated\">\n\t\t\t\t\t\t\t<div class=\"elementor-widget-wrap\">\n\t\t\t\t\t\t<div class=\"elementor-element elementor-element-3ab96501 elementor-widget__width-auto aux-appear-watch-animation aux-slide-from-bot elementor-widget elementor-widget-counter\" data-id=\"3ab96501\" data-element_type=\"widget\" data-widget_type=\"counter.default\">\n\t\t\t\t<div class=\"elementor-widget-container\">\n\t\t\t\t\t<div class=\"elementor-counter\">\n\t\t\t<div class=\"elementor-counter-number-wrapper\">\n\t\t\t\t<span class=\"elementor-counter-number-prefix\">%<\/span>\n\t\t\t\t<span class=\"elementor-counter-number\" data-duration=\"2000\" data-to-value=\"100\" data-from-value=\"0\" data-delimiter=\",\">0<\/span>\n\t\t\t\t<span class=\"elementor-counter-number-suffix\"><\/span>\n\t\t\t<\/div>\n\t\t\t\t\t<\/div>\n\t\t\t\t<\/div>\n\t\t\t\t<\/div>\n\t\t\t\t<div class=\"elementor-element elementor-element-321ad065 elementor-widget__width-auto elementor-widget-tablet__width-inherit elementor-widget-mobile__width-auto aux-appear-watch-animation aux-slide-from-top elementor-widget elementor-widget-aux_modern_heading\" data-id=\"321ad065\" data-element_type=\"widget\" data-widget_type=\"aux_modern_heading.default\">\n\t\t\t\t<div class=\"elementor-widget-container\">\n\t\t\t<section class=\"aux-widget-modern-heading\">\n            <div class=\"aux-widget-inner\"><h2 class=\"aux-modern-heading-primary\">Y\u0131ll\u0131k Tecr\u00fcbemiz<\/h2><\/div>\n        <\/section>\t\t<\/div>\n\t\t\t\t<\/div>\n\t\t\t\t\t\t<\/div>\n\t\t\t\t\t<\/div>\n\t\t<\/div>\n\t\t\t\t<div class=\"aux-parallax-section elementor-column elementor-col-50 elementor-inner-column elementor-element elementor-element-1dde964d\" data-id=\"1dde964d\" data-element_type=\"column\">\n\t\t\t<div class=\"elementor-column-wrap elementor-element-populated\">\n\t\t\t\t\t\t\t<div class=\"elementor-widget-wrap\">\n\t\t\t\t\t\t<div class=\"elementor-element elementor-element-64141492 elementor-widget__width-auto aux-appear-watch-animation aux-slide-from-bot elementor-widget elementor-widget-counter\" data-id=\"64141492\" data-element_type=\"widget\" data-widget_type=\"counter.default\">\n\t\t\t\t<div class=\"elementor-widget-container\">\n\t\t\t\t\t<div class=\"elementor-counter\">\n\t\t\t<div class=\"elementor-counter-number-wrapper\">\n\t\t\t\t<span class=\"elementor-counter-number-prefix\"><\/span>\n\t\t\t\t<span class=\"elementor-counter-number\" data-duration=\"2000\" data-to-value=\"50\" data-from-value=\"0\" data-delimiter=\",\">0<\/span>\n\t\t\t\t<span class=\"elementor-counter-number-suffix\">+<\/span>\n\t\t\t<\/div>\n\t\t\t\t\t<\/div>\n\t\t\t\t<\/div>\n\t\t\t\t<\/div>\n\t\t\t\t<div class=\"elementor-element elementor-element-10745f44 elementor-widget__width-auto elementor-widget-tablet__width-inherit elementor-widget-mobile__width-auto aux-appear-watch-animation aux-slide-from-top elementor-widget elementor-widget-aux_modern_heading\" data-id=\"10745f44\" data-element_type=\"widget\" data-widget_type=\"aux_modern_heading.default\">\n\t\t\t\t<div class=\"elementor-widget-container\">\n\t\t\t<section class=\"aux-widget-modern-heading\">\n            <div class=\"aux-widget-inner\"><h2 class=\"aux-modern-heading-primary\">M\u00fc\u015fterilerimiz<\/h2><\/div>\n        <\/section>\t\t<\/div>\n\t\t\t\t<\/div>\n\t\t\t\t\t\t<\/div>\n\t\t\t\t\t<\/div>\n\t\t<\/div>\n\t\t\t\t<div class=\"aux-parallax-section elementor-column elementor-col-50 elementor-inner-column elementor-element elementor-element-7a4d7a3\" data-id=\"7a4d7a3\" data-element_type=\"column\">\n\t\t\t<div class=\"elementor-column-wrap elementor-element-populated\">\n\t\t\t\t\t\t\t<div class=\"elementor-widget-wrap\">\n\t\t\t\t\t\t<div class=\"elementor-element elementor-element-5c9cfbe elementor-widget__width-auto aux-appear-watch-animation aux-slide-from-bot elementor-widget elementor-widget-counter\" data-id=\"5c9cfbe\" data-element_type=\"widget\" data-widget_type=\"counter.default\">\n\t\t\t\t<div class=\"elementor-widget-container\">\n\t\t\t\t\t<div class=\"elementor-counter\">\n\t\t\t<div class=\"elementor-counter-number-wrapper\">\n\t\t\t\t<span class=\"elementor-counter-number-prefix\"><\/span>\n\t\t\t\t<span class=\"elementor-counter-number\" data-duration=\"2000\" data-to-value=\"9\" data-from-value=\"0\" data-delimiter=\",\">0<\/span>\n\t\t\t\t<span class=\"elementor-counter-number-suffix\">+<\/span>\n\t\t\t<\/div>\n\t\t\t\t\t<\/div>\n\t\t\t\t<\/div>\n\t\t\t\t<\/div>\n\t\t\t\t<div class=\"elementor-element elementor-element-429e0ac elementor-widget__width-auto elementor-widget-tablet__width-inherit elementor-widget-mobile__width-auto aux-appear-watch-animation aux-slide-from-top elementor-widget elementor-widget-aux_modern_heading\" data-id=\"429e0ac\" data-element_type=\"widget\" data-widget_type=\"aux_modern_heading.default\">\n\t\t\t\t<div class=\"elementor-widget-container\">\n\t\t\t<section class=\"aux-widget-modern-heading\">\n            <div class=\"aux-widget-inner\"><h2 class=\"aux-modern-heading-primary\">Y\u0131ll\u0131k Tecr\u00fcbemiz<\/h2><\/div>\n        <\/section>\t\t<\/div>\n\t\t\t\t<\/div>\n\t\t\t\t\t\t<\/div>\n\t\t\t\t\t<\/div>\n\t\t<\/div>\n\t\t\t\t\t\t\t\t<\/div>\n\t\t\t\t\t<\/div>\n\t\t<\/section>\n\t\t\t\t\t\t<\/div>\n\t\t\t\t\t<\/div>\n\t\t<\/div>\n\t\t\t\t\t\t\t\t<\/div>\n\t\t\t\t\t<\/div>\n\t\t<\/section>\n\t\t\t\t\t\t\t\t\t<\/div>\n\t\t\t<\/div>\n\t\t\t\t\t<\/div>\n\t\t","protected":false},"excerpt":{"rendered":"<p>Tesis y\u00f6netim Hizmetleri EVACITY,\u00a0siz de\u011ferli m\u00fc\u015fterilerinin ihtiya\u00e7 ve isteklerini g\u00f6z \u00f6n\u00fcnde bulundurarak \u00e7\u00f6z\u00fcmler \u00fcretip, yeni y\u00f6ntemler geli\u015ftirerek, temizlik kalitesini ve personel \u00e7al\u0131\u015fma ko\u015fullar\u0131n\u0131 iyile\u015ftirir. Projelerde verilen Temizlik Hizmetleri do\u011frultusunda yap\u0131lan kalite kontrol uygulamalar\u0131 (KPI) ba\u015fta olmak \u00fczere, personel ve hizmet performans de\u011ferlendirmeleri ve m\u00fc\u015fteri de\u011ferlendirme anketleri sayesinde beklentilerin kar\u015f\u0131land\u0131\u011f\u0131ndan emin olur. T\u00fcm dikey ve yatay [&hellip;]<\/p>\n","protected":false},"author":1,"featured_media":0,"parent":0,"menu_order":0,"comment_status":"closed","ping_status":"closed","template":"","meta":{"footnotes":""},"class_list":["post-4410","page","type-page","status-publish","hentry"],"_links":{"self":[{"href":"https:\/\/evacityyonetim.com\/index.php?rest_route=\/wp\/v2\/pages\/4410","targetHints":{"allow":["GET"]}}],"collection":[{"href":"https:\/\/evacityyonetim.com\/index.php?rest_route=\/wp\/v2\/pages"}],"about":[{"href":"https:\/\/evacityyonetim.com\/index.php?rest_route=\/wp\/v2\/types\/page"}],"author":[{"embeddable":true,"href":"https:\/\/evacityyonetim.com\/index.php?rest_route=\/wp\/v2\/users\/1"}],"replies":[{"embeddable":true,"href":"https:\/\/evacityyonetim.com\/index.php?rest_route=%2Fwp%2Fv2%2Fcomments&post=4410"}],"version-history":[{"count":80,"href":"https:\/\/evacityyonetim.com\/index.php?rest_route=\/wp\/v2\/pages\/4410\/revisions"}],"predecessor-version":[{"id":4820,"href":"https:\/\/evacityyonetim.com\/index.php?rest_route=\/wp\/v2\/pages\/4410\/revisions\/4820"}],"wp:attachment":[{"href":"https:\/\/evacityyonetim.com\/index.php?rest_route=%2Fwp%2Fv2%2Fmedia&parent=4410"}],"curies":[{"name":"wp","href":"https:\/\/api.w.org\/{rel}","templated":true}]}}