{"id":4418,"date":"2023-05-29T18:59:57","date_gmt":"2023-05-29T18:59:57","guid":{"rendered":"https:\/\/evacityyonetim.com\/?page_id=4418"},"modified":"2023-05-30T22:19:22","modified_gmt":"2023-05-30T22:19:22","slug":"bahce-bakim-hizmetleri","status":"publish","type":"page","link":"https:\/\/evacityyonetim.com\/?page_id=4418","title":{"rendered":"Bah\u00e7e Bak\u0131m Hizmetleri"},"content":{"rendered":"\t\t<div data-elementor-type=\"wp-page\" data-elementor-id=\"4418\" class=\"elementor elementor-4418\">\n\t\t\t\t\t\t<div class=\"elementor-inner\">\n\t\t\t\t<div class=\"elementor-section-wrap\">\n\t\t\t\t\t\t\t\t\t<section class=\"elementor-section elementor-top-section elementor-element elementor-element-5d508a3 elementor-section-boxed elementor-section-height-default elementor-section-height-default\" data-id=\"5d508a3\" data-element_type=\"section\">\n\t\t\t\t\t\t<div class=\"elementor-container elementor-column-gap-default\">\n\t\t\t\t\t\t\t<div class=\"elementor-row\">\n\t\t\t\t\t<div class=\"aux-parallax-section elementor-column elementor-col-100 elementor-top-column elementor-element elementor-element-0be8626\" data-id=\"0be8626\" data-element_type=\"column\">\n\t\t\t<div class=\"elementor-column-wrap elementor-element-populated\">\n\t\t\t\t\t\t\t<div class=\"elementor-widget-wrap\">\n\t\t\t\t\t\t<div class=\"elementor-element elementor-element-95f4dd1 elementor-widget elementor-widget-image\" data-id=\"95f4dd1\" data-element_type=\"widget\" data-widget_type=\"image.default\">\n\t\t\t\t<div class=\"elementor-widget-container\">\n\t\t\t\t\t\t\t\t<div class=\"elementor-image\">\n\t\t\t\t\t\t\t\t\t\t\t\t<img loading=\"lazy\" decoding=\"async\" width=\"1024\" height=\"682\" src=\"https:\/\/evacityyonetim.com\/wp-content\/uploads\/2023\/05\/bahce-bakim-hizmetleri.png\" class=\"attachment-full size-full wp-image-4199\" alt=\"\" srcset=\"https:\/\/evacityyonetim.com\/wp-content\/uploads\/2023\/05\/bahce-bakim-hizmetleri.png 1024w, https:\/\/evacityyonetim.com\/wp-content\/uploads\/2023\/05\/bahce-bakim-hizmetleri-300x200.png 300w, https:\/\/evacityyonetim.com\/wp-content\/uploads\/2023\/05\/bahce-bakim-hizmetleri-768x512.png 768w, https:\/\/evacityyonetim.com\/wp-content\/uploads\/2023\/05\/bahce-bakim-hizmetleri-640x426.png 640w, https:\/\/evacityyonetim.com\/wp-content\/uploads\/2023\/05\/bahce-bakim-hizmetleri-400x266.png 400w, https:\/\/evacityyonetim.com\/wp-content\/uploads\/2023\/05\/bahce-bakim-hizmetleri-367x244.png 367w, https:\/\/evacityyonetim.com\/wp-content\/uploads\/2023\/05\/elementor\/thumbs\/bahce-bakim-hizmetleri-q75h0867q624v8rydg9z1lciyg2oc9hhrqwblqs25c.png 840w\" sizes=\"auto, (max-width: 1024px) 100vw, 1024px\" \/>\t\t\t\t\t\t\t\t\t\t\t\t\t\t<\/div>\n\t\t\t\t\t\t<\/div>\n\t\t\t\t<\/div>\n\t\t\t\t\t\t<\/div>\n\t\t\t\t\t<\/div>\n\t\t<\/div>\n\t\t\t\t\t\t\t\t<\/div>\n\t\t\t\t\t<\/div>\n\t\t<\/section>\n\t\t\t\t<section class=\"elementor-section elementor-top-section elementor-element elementor-element-6b766148 elementor-section-boxed elementor-section-height-default elementor-section-height-default\" data-id=\"6b766148\" data-element_type=\"section\">\n\t\t\t\t\t\t<div class=\"elementor-container elementor-column-gap-default\">\n\t\t\t\t\t\t\t<div class=\"elementor-row\">\n\t\t\t\t\t<div class=\"aux-parallax-section elementor-column elementor-col-100 elementor-top-column elementor-element elementor-element-16332cd0\" data-id=\"16332cd0\" data-element_type=\"column\">\n\t\t\t<div class=\"elementor-column-wrap elementor-element-populated\">\n\t\t\t\t\t\t\t<div class=\"elementor-widget-wrap\">\n\t\t\t\t\t\t<div class=\"elementor-element elementor-element-1934cf14 aux-appear-watch-animation aux-fade-in-right elementor-widget elementor-widget-aux_modern_heading\" data-id=\"1934cf14\" data-element_type=\"widget\" data-widget_type=\"aux_modern_heading.default\">\n\t\t\t\t<div class=\"elementor-widget-container\">\n\t\t\t<section class=\"aux-widget-modern-heading\">\n            <div class=\"aux-widget-inner\"><h2 class=\"aux-modern-heading-primary\"><\/h2><h3 class=\"aux-modern-heading-secondary\"><span class=\"aux-head-before\">Bah\u00e7e Bak\u0131m Hizmetleri<\/span><\/h3><\/div>\n        <\/section>\t\t<\/div>\n\t\t\t\t<\/div>\n\t\t\t\t<div class=\"elementor-element elementor-element-12224f55 elementor-widget elementor-widget-text-editor\" data-id=\"12224f55\" data-element_type=\"widget\" data-widget_type=\"text-editor.default\">\n\t\t\t\t<div class=\"elementor-widget-container\">\n\t\t\t\t\t\t\t\t<div class=\"elementor-text-editor elementor-clearfix\">\n\t\t\t\t<p style=\"text-align: left;\"><b>EVACITY <\/b>olarak, bah\u00e7e bak\u0131m\u0131 alan\u0131nda uzman Ziraat m\u00fchendislerinden olu\u015fan Y\u00f6netici kadrosu ve akademik e\u011fitim sahibi servis sorumlular\u0131 ile i\u015f ortaklar\u0131m\u0131z\u0131n ihtiya\u00e7lar\u0131na uygun olarak sabit personel veya haftan\u0131n belirli g\u00fcnlerinde mobil ekiplerle ile a\u015fa\u011f\u0131da belirtilen se\u00e7eneklerle Y\u00f6netim Hizmetlerini verdi\u011fimiz tesis i\u00e7erisindeki t\u00fcm peyzaj alanlar\u0131n\u0131n yemye\u015fil, t\u00fcm bitkilerinizin ise uzman eli ile daha sa\u011fl\u0131kl\u0131 olmas\u0131n\u0131 sa\u011fl\u0131yoruz.<\/p><ul style=\"text-align: left;\"><li>Periyodik bak\u0131m hizmetleri,<\/li><li>\u00c7im bi\u00e7me, sulama, budama hizmetleri,<\/li><li>Yabani otlarla m\u00fccadele,<\/li><li>G\u00fcbreleme ve havaland\u0131rma,<\/li><li>Mevsimlik \u00e7i\u00e7ek d\u00fczenlemesi,<\/li><li>Hastal\u0131k ve zararl\u0131larla m\u00fccadele,<\/li><li>\u0130la\u00e7lama hizmetleri,<\/li><li>Bak\u0131m program\u0131 olu\u015fturulmas\u0131,<\/li><li>Sulama ve drenaj sistemleri olu\u015fturulmas\u0131,<\/li><\/ul><p style=\"text-align: left;\"><strong><img loading=\"lazy\" decoding=\"async\" class=\"alignnone wp-image-11101 size-full\" src=\"https:\/\/i0.wp.com\/www.evacitytesisyonetimi.com\/wp-content\/uploads\/2021\/09\/tema.png?resize=46%2C23&amp;ssl=1\" alt=\"\" width=\"46\" height=\"23\" data-recalc-dims=\"1\" \/>\u00a0Sosyal Sorumluluk\u00a0<\/strong><strong>Projemiz<\/strong><\/p><p style=\"text-align: left;\">Y\u00f6netim hizmetlerini verdi\u011fimiz projelerimizde, sizin ad\u0131n\u0131za her y\u0131l TEMA VAKFININ hat\u0131ra ormanlar\u0131na fide ba\u011f\u0131\u015f\u0131nda bulunarak, gelecek nesillere daha ya\u015fanabilir bir d\u00fcnya arma\u011fan ediyoruz.<\/p><p style=\"text-align: left;\"><b>EVACITY <\/b>ye\u015fili sever, do\u011fay\u0131 korur.<\/p>\t\t\t\t\t<\/div>\n\t\t\t\t\t\t<\/div>\n\t\t\t\t<\/div>\n\t\t\t\t\t\t<\/div>\n\t\t\t\t\t<\/div>\n\t\t<\/div>\n\t\t\t\t\t\t\t\t<\/div>\n\t\t\t\t\t<\/div>\n\t\t<\/section>\n\t\t\t\t<section class=\"elementor-section elementor-top-section elementor-element elementor-element-46cabcf9 elementor-section-boxed elementor-section-height-default elementor-section-height-default\" data-id=\"46cabcf9\" data-element_type=\"section\">\n\t\t\t\t\t\t<div class=\"elementor-container elementor-column-gap-no\">\n\t\t\t\t\t\t\t<div class=\"elementor-row\">\n\t\t\t\t\t<div class=\"aux-parallax-section elementor-column elementor-col-100 elementor-top-column elementor-element elementor-element-49642bd4\" data-id=\"49642bd4\" data-element_type=\"column\" data-settings=\"{&quot;background_background&quot;:&quot;gradient&quot;}\">\n\t\t\t<div class=\"elementor-column-wrap elementor-element-populated\">\n\t\t\t\t\t\t\t<div class=\"elementor-widget-wrap\">\n\t\t\t\t\t\t<section class=\"elementor-section elementor-inner-section elementor-element elementor-element-41e9df83 elementor-section-height-min-height elementor-section-boxed elementor-section-height-default\" data-id=\"41e9df83\" data-element_type=\"section\">\n\t\t\t\t\t\t<div class=\"elementor-container elementor-column-gap-default\">\n\t\t\t\t\t\t\t<div class=\"elementor-row\">\n\t\t\t\t\t<div class=\"aux-parallax-section elementor-column elementor-col-50 elementor-inner-column elementor-element elementor-element-5d8b8913\" data-id=\"5d8b8913\" data-element_type=\"column\">\n\t\t\t<div class=\"elementor-column-wrap elementor-element-populated\">\n\t\t\t\t\t\t\t<div class=\"elementor-widget-wrap\">\n\t\t\t\t\t\t<div class=\"elementor-element elementor-element-457ab3ea elementor-widget__width-auto aux-appear-watch-animation aux-slide-from-bot elementor-widget elementor-widget-counter\" data-id=\"457ab3ea\" data-element_type=\"widget\" data-widget_type=\"counter.default\">\n\t\t\t\t<div class=\"elementor-widget-container\">\n\t\t\t\t\t<div class=\"elementor-counter\">\n\t\t\t<div class=\"elementor-counter-number-wrapper\">\n\t\t\t\t<span class=\"elementor-counter-number-prefix\">%<\/span>\n\t\t\t\t<span class=\"elementor-counter-number\" data-duration=\"2000\" data-to-value=\"100\" data-from-value=\"0\" data-delimiter=\",\">0<\/span>\n\t\t\t\t<span class=\"elementor-counter-number-suffix\"><\/span>\n\t\t\t<\/div>\n\t\t\t\t\t<\/div>\n\t\t\t\t<\/div>\n\t\t\t\t<\/div>\n\t\t\t\t<div class=\"elementor-element elementor-element-435709 elementor-widget__width-auto elementor-widget-tablet__width-inherit elementor-widget-mobile__width-auto aux-appear-watch-animation aux-slide-from-top elementor-widget elementor-widget-aux_modern_heading\" data-id=\"435709\" data-element_type=\"widget\" data-widget_type=\"aux_modern_heading.default\">\n\t\t\t\t<div class=\"elementor-widget-container\">\n\t\t\t<section class=\"aux-widget-modern-heading\">\n            <div class=\"aux-widget-inner\"><h2 class=\"aux-modern-heading-primary\">Y\u0131ll\u0131k Tecr\u00fcbemiz<\/h2><\/div>\n        <\/section>\t\t<\/div>\n\t\t\t\t<\/div>\n\t\t\t\t\t\t<\/div>\n\t\t\t\t\t<\/div>\n\t\t<\/div>\n\t\t\t\t<div class=\"aux-parallax-section elementor-column elementor-col-50 elementor-inner-column elementor-element elementor-element-1a6a2ba6\" data-id=\"1a6a2ba6\" data-element_type=\"column\">\n\t\t\t<div class=\"elementor-column-wrap elementor-element-populated\">\n\t\t\t\t\t\t\t<div class=\"elementor-widget-wrap\">\n\t\t\t\t\t\t<div class=\"elementor-element elementor-element-4fde120c elementor-widget__width-auto aux-appear-watch-animation aux-slide-from-bot elementor-widget elementor-widget-counter\" data-id=\"4fde120c\" data-element_type=\"widget\" data-widget_type=\"counter.default\">\n\t\t\t\t<div class=\"elementor-widget-container\">\n\t\t\t\t\t<div class=\"elementor-counter\">\n\t\t\t<div class=\"elementor-counter-number-wrapper\">\n\t\t\t\t<span class=\"elementor-counter-number-prefix\"><\/span>\n\t\t\t\t<span class=\"elementor-counter-number\" data-duration=\"2000\" data-to-value=\"50\" data-from-value=\"0\" data-delimiter=\",\">0<\/span>\n\t\t\t\t<span class=\"elementor-counter-number-suffix\">+<\/span>\n\t\t\t<\/div>\n\t\t\t\t\t<\/div>\n\t\t\t\t<\/div>\n\t\t\t\t<\/div>\n\t\t\t\t<div class=\"elementor-element elementor-element-4e710a4d elementor-widget__width-auto elementor-widget-tablet__width-inherit elementor-widget-mobile__width-auto aux-appear-watch-animation aux-slide-from-top elementor-widget elementor-widget-aux_modern_heading\" data-id=\"4e710a4d\" data-element_type=\"widget\" data-widget_type=\"aux_modern_heading.default\">\n\t\t\t\t<div class=\"elementor-widget-container\">\n\t\t\t<section class=\"aux-widget-modern-heading\">\n            <div class=\"aux-widget-inner\"><h2 class=\"aux-modern-heading-primary\">M\u00fc\u015fterilerimiz<\/h2><\/div>\n        <\/section>\t\t<\/div>\n\t\t\t\t<\/div>\n\t\t\t\t\t\t<\/div>\n\t\t\t\t\t<\/div>\n\t\t<\/div>\n\t\t\t\t<div class=\"aux-parallax-section elementor-column elementor-col-50 elementor-inner-column elementor-element elementor-element-18154bef\" data-id=\"18154bef\" data-element_type=\"column\">\n\t\t\t<div class=\"elementor-column-wrap elementor-element-populated\">\n\t\t\t\t\t\t\t<div class=\"elementor-widget-wrap\">\n\t\t\t\t\t\t<div class=\"elementor-element elementor-element-6221743c elementor-widget__width-auto aux-appear-watch-animation aux-slide-from-bot elementor-widget elementor-widget-counter\" data-id=\"6221743c\" data-element_type=\"widget\" data-widget_type=\"counter.default\">\n\t\t\t\t<div class=\"elementor-widget-container\">\n\t\t\t\t\t<div class=\"elementor-counter\">\n\t\t\t<div class=\"elementor-counter-number-wrapper\">\n\t\t\t\t<span class=\"elementor-counter-number-prefix\"><\/span>\n\t\t\t\t<span class=\"elementor-counter-number\" data-duration=\"2000\" data-to-value=\"9\" data-from-value=\"0\" data-delimiter=\",\">0<\/span>\n\t\t\t\t<span class=\"elementor-counter-number-suffix\">+<\/span>\n\t\t\t<\/div>\n\t\t\t\t\t<\/div>\n\t\t\t\t<\/div>\n\t\t\t\t<\/div>\n\t\t\t\t<div class=\"elementor-element elementor-element-1188fcc9 elementor-widget__width-auto elementor-widget-tablet__width-inherit elementor-widget-mobile__width-auto aux-appear-watch-animation aux-slide-from-top elementor-widget elementor-widget-aux_modern_heading\" data-id=\"1188fcc9\" data-element_type=\"widget\" data-widget_type=\"aux_modern_heading.default\">\n\t\t\t\t<div class=\"elementor-widget-container\">\n\t\t\t<section class=\"aux-widget-modern-heading\">\n            <div class=\"aux-widget-inner\"><h2 class=\"aux-modern-heading-primary\">Y\u0131ll\u0131k Tecr\u00fcbemiz<\/h2><\/div>\n        <\/section>\t\t<\/div>\n\t\t\t\t<\/div>\n\t\t\t\t\t\t<\/div>\n\t\t\t\t\t<\/div>\n\t\t<\/div>\n\t\t\t\t\t\t\t\t<\/div>\n\t\t\t\t\t<\/div>\n\t\t<\/section>\n\t\t\t\t\t\t<\/div>\n\t\t\t\t\t<\/div>\n\t\t<\/div>\n\t\t\t\t\t\t\t\t<\/div>\n\t\t\t\t\t<\/div>\n\t\t<\/section>\n\t\t\t\t\t\t\t\t\t<\/div>\n\t\t\t<\/div>\n\t\t\t\t\t<\/div>\n\t\t","protected":false},"excerpt":{"rendered":"<p>Bah\u00e7e Bak\u0131m Hizmetleri EVACITY olarak, bah\u00e7e bak\u0131m\u0131 alan\u0131nda uzman Ziraat m\u00fchendislerinden olu\u015fan Y\u00f6netici kadrosu ve akademik e\u011fitim sahibi servis sorumlular\u0131 ile i\u015f ortaklar\u0131m\u0131z\u0131n ihtiya\u00e7lar\u0131na uygun olarak sabit personel veya haftan\u0131n belirli g\u00fcnlerinde mobil ekiplerle ile a\u015fa\u011f\u0131da belirtilen se\u00e7eneklerle Y\u00f6netim Hizmetlerini verdi\u011fimiz tesis i\u00e7erisindeki t\u00fcm peyzaj alanlar\u0131n\u0131n yemye\u015fil, t\u00fcm bitkilerinizin ise uzman eli ile daha sa\u011fl\u0131kl\u0131 [&hellip;]<\/p>\n","protected":false},"author":1,"featured_media":0,"parent":0,"menu_order":0,"comment_status":"closed","ping_status":"closed","template":"","meta":{"footnotes":""},"class_list":["post-4418","page","type-page","status-publish","hentry"],"_links":{"self":[{"href":"https:\/\/evacityyonetim.com\/index.php?rest_route=\/wp\/v2\/pages\/4418","targetHints":{"allow":["GET"]}}],"collection":[{"href":"https:\/\/evacityyonetim.com\/index.php?rest_route=\/wp\/v2\/pages"}],"about":[{"href":"https:\/\/evacityyonetim.com\/index.php?rest_route=\/wp\/v2\/types\/page"}],"author":[{"embeddable":true,"href":"https:\/\/evacityyonetim.com\/index.php?rest_route=\/wp\/v2\/users\/1"}],"replies":[{"embeddable":true,"href":"https:\/\/evacityyonetim.com\/index.php?rest_route=%2Fwp%2Fv2%2Fcomments&post=4418"}],"version-history":[{"count":8,"href":"https:\/\/evacityyonetim.com\/index.php?rest_route=\/wp\/v2\/pages\/4418\/revisions"}],"predecessor-version":[{"id":4816,"href":"https:\/\/evacityyonetim.com\/index.php?rest_route=\/wp\/v2\/pages\/4418\/revisions\/4816"}],"wp:attachment":[{"href":"https:\/\/evacityyonetim.com\/index.php?rest_route=%2Fwp%2Fv2%2Fmedia&parent=4418"}],"curies":[{"name":"wp","href":"https:\/\/api.w.org\/{rel}","templated":true}]}}