{"id":4420,"date":"2023-05-29T19:00:13","date_gmt":"2023-05-29T19:00:13","guid":{"rendered":"https:\/\/evacityyonetim.com\/?page_id=4420"},"modified":"2023-05-30T22:22:17","modified_gmt":"2023-05-30T22:22:17","slug":"ilaclama-hizmetleri","status":"publish","type":"page","link":"https:\/\/evacityyonetim.com\/?page_id=4420","title":{"rendered":"\u0130la\u00e7lama Hizmetleri"},"content":{"rendered":"\t\t<div data-elementor-type=\"wp-page\" data-elementor-id=\"4420\" class=\"elementor elementor-4420\">\n\t\t\t\t\t\t<div class=\"elementor-inner\">\n\t\t\t\t<div class=\"elementor-section-wrap\">\n\t\t\t\t\t\t\t\t\t<section class=\"elementor-section elementor-top-section elementor-element elementor-element-7a9ad781 elementor-section-boxed elementor-section-height-default elementor-section-height-default\" data-id=\"7a9ad781\" data-element_type=\"section\">\n\t\t\t\t\t\t<div class=\"elementor-container elementor-column-gap-default\">\n\t\t\t\t\t\t\t<div class=\"elementor-row\">\n\t\t\t\t\t<div class=\"aux-parallax-section elementor-column elementor-col-100 elementor-top-column elementor-element elementor-element-72a2bad9\" data-id=\"72a2bad9\" data-element_type=\"column\">\n\t\t\t<div class=\"elementor-column-wrap elementor-element-populated\">\n\t\t\t\t\t\t\t<div class=\"elementor-widget-wrap\">\n\t\t\t\t\t\t<div class=\"elementor-element elementor-element-62b5291f aux-appear-watch-animation aux-fade-in-right elementor-widget elementor-widget-aux_modern_heading\" data-id=\"62b5291f\" data-element_type=\"widget\" data-widget_type=\"aux_modern_heading.default\">\n\t\t\t\t<div class=\"elementor-widget-container\">\n\t\t\t<section class=\"aux-widget-modern-heading\">\n            <div class=\"aux-widget-inner\"><h2 class=\"aux-modern-heading-primary\"><\/h2><h3 class=\"aux-modern-heading-secondary\"><span class=\"aux-head-before\">\u0130la\u00e7lama Hizmetleri<\/span><\/h3><\/div>\n        <\/section>\t\t<\/div>\n\t\t\t\t<\/div>\n\t\t\t\t<div class=\"elementor-element elementor-element-5fad6d1d elementor-widget elementor-widget-text-editor\" data-id=\"5fad6d1d\" data-element_type=\"widget\" data-widget_type=\"text-editor.default\">\n\t\t\t\t<div class=\"elementor-widget-container\">\n\t\t\t\t\t\t\t\t<div class=\"elementor-text-editor elementor-clearfix\">\n\t\t\t\t<img loading=\"lazy\" decoding=\"async\" class=\"alignnone  wp-image-4200 alignleft\" src=\"https:\/\/evacityyonetim.com\/wp-content\/uploads\/2023\/05\/ilaclama-hizmetleri-300x200.png\" alt=\"\" width=\"473\" height=\"315\" style=\"border-radius:20px; margin-right:10px; srcset=\"https:\/\/evacityyonetim.com\/wp-content\/uploads\/2023\/05\/ilaclama-hizmetleri-300x200.png 300w, https:\/\/evacityyonetim.com\/wp-content\/uploads\/2023\/05\/ilaclama-hizmetleri-768x512.png 768w, https:\/\/evacityyonetim.com\/wp-content\/uploads\/2023\/05\/ilaclama-hizmetleri-640x427.png 640w, https:\/\/evacityyonetim.com\/wp-content\/uploads\/2023\/05\/ilaclama-hizmetleri-400x267.png 400w, https:\/\/evacityyonetim.com\/wp-content\/uploads\/2023\/05\/ilaclama-hizmetleri-367x245.png 367w, https:\/\/evacityyonetim.com\/wp-content\/uploads\/2023\/05\/ilaclama-hizmetleri.png 1024w\" sizes=\"auto, (max-width: 473px) 100vw, 473px\" \/>\n<p style=\"text-align: left;\"><b>EVACITY <\/b>, entegre tesis y\u00f6netimi hizmeti verdi\u011fi i\u015f ortaklar\u0131n\u0131n toplu ya\u015fam ve \u00e7al\u0131\u015fma alanlar\u0131ndaki t\u00fcm ortak alanlar\u0131nda olu\u015fabilecek veyahut mevcut ha\u015ferelerle m\u00fccadele i\u00e7in verilen \u0130la\u00e7lama Hizmetleri kapsam\u0131nda a\u015fa\u011f\u0131da yer alan faaliyetlerde profesyonel \u00e7\u00f6z\u00fcmler sunar.<\/p>\n<p style=\"text-align: left;\"><b>Y\u00fcr\u00fcyen\u00a0<\/b><b>Ha\u015fere\u00a0<\/b><b>Kontrol\u00fc\n<\/b>Hamam b\u00f6cekleri, kar\u0131nca, tahta kurusu, pire, kula\u011faka\u00e7an, g\u00fcm\u00fc\u015f\u00e7\u00fcn, k\u0131rkayak, \u00e7\u0131yan, akrep, \u00f6r\u00fcmcek, yer k\u0131nkanatl\u0131lar\u0131, tespih ve top\u00a0\u00a0b\u00f6cekleri vb.<\/p>\n<p style=\"text-align: left;\"><b>Kemirgen Kontrol\u00fc\n<\/b>\u00c7at\u0131 s\u0131\u00e7an\u0131, Norve\u00e7 s\u0131\u00e7an\u0131(la\u011f\u0131m s\u0131can\u0131),ev faresi, sansar, gelincik vb. m\u00fccadelesi<\/p>\n<b>U\u00e7an Ha\u015fere\u00a0<\/b><b>Kontrol\u00fc\n<\/b>Sivrisinek, karasinek, mantar sinekleri, g\u00fcve, ar\u0131 vs. m\u00fccadelesi\n<p style=\"text-align: left;\"><b>Ku\u015f\u00a0<\/b><b>Kontrol\u00fc\n<\/b>Karga, g\u00fcvercin, ser\u00e7e ve mart\u0131 m\u00fccadelesinde dan\u0131\u015fmanl\u0131k hizmeti ve ekipman temini<\/p>\n<p style=\"text-align: left;\"><b>Yabani Hayat\u00a0<\/b><b>Kontrol\u00fc\n<\/b><b><\/b>Y\u0131lan m\u00fccadelesinde dan\u0131\u015fmanl\u0131k ve ekipman temini<\/p>\n<p style=\"text-align: left;\"><b>Ayl\u0131k\u00a0<\/b><b>Raporlama\n<\/b>Verilen hizmetlere ili\u015fkin ayl\u0131k raporlama<\/p>\t\t\t\t\t<\/div>\n\t\t\t\t\t\t<\/div>\n\t\t\t\t<\/div>\n\t\t\t\t\t\t<\/div>\n\t\t\t\t\t<\/div>\n\t\t<\/div>\n\t\t\t\t\t\t\t\t<\/div>\n\t\t\t\t\t<\/div>\n\t\t<\/section>\n\t\t\t\t<section class=\"elementor-section elementor-top-section elementor-element elementor-element-545288c3 elementor-section-boxed elementor-section-height-default elementor-section-height-default\" data-id=\"545288c3\" data-element_type=\"section\">\n\t\t\t\t\t\t<div class=\"elementor-container elementor-column-gap-no\">\n\t\t\t\t\t\t\t<div class=\"elementor-row\">\n\t\t\t\t\t<div class=\"aux-parallax-section elementor-column elementor-col-100 elementor-top-column elementor-element elementor-element-503eb9fb\" data-id=\"503eb9fb\" data-element_type=\"column\" data-settings=\"{&quot;background_background&quot;:&quot;gradient&quot;}\">\n\t\t\t<div class=\"elementor-column-wrap elementor-element-populated\">\n\t\t\t\t\t\t\t<div class=\"elementor-widget-wrap\">\n\t\t\t\t\t\t<section class=\"elementor-section elementor-inner-section elementor-element elementor-element-3b83ebc0 elementor-section-height-min-height elementor-section-boxed elementor-section-height-default\" data-id=\"3b83ebc0\" data-element_type=\"section\">\n\t\t\t\t\t\t<div class=\"elementor-container elementor-column-gap-default\">\n\t\t\t\t\t\t\t<div class=\"elementor-row\">\n\t\t\t\t\t<div class=\"aux-parallax-section elementor-column elementor-col-50 elementor-inner-column elementor-element elementor-element-30100c57\" data-id=\"30100c57\" data-element_type=\"column\">\n\t\t\t<div class=\"elementor-column-wrap elementor-element-populated\">\n\t\t\t\t\t\t\t<div class=\"elementor-widget-wrap\">\n\t\t\t\t\t\t<div class=\"elementor-element elementor-element-73830241 elementor-widget__width-auto aux-appear-watch-animation aux-slide-from-bot elementor-widget elementor-widget-counter\" data-id=\"73830241\" data-element_type=\"widget\" data-widget_type=\"counter.default\">\n\t\t\t\t<div class=\"elementor-widget-container\">\n\t\t\t\t\t<div class=\"elementor-counter\">\n\t\t\t<div class=\"elementor-counter-number-wrapper\">\n\t\t\t\t<span class=\"elementor-counter-number-prefix\">%<\/span>\n\t\t\t\t<span class=\"elementor-counter-number\" data-duration=\"2000\" data-to-value=\"100\" data-from-value=\"0\" data-delimiter=\",\">0<\/span>\n\t\t\t\t<span class=\"elementor-counter-number-suffix\"><\/span>\n\t\t\t<\/div>\n\t\t\t\t\t<\/div>\n\t\t\t\t<\/div>\n\t\t\t\t<\/div>\n\t\t\t\t<div class=\"elementor-element elementor-element-732d1235 elementor-widget__width-auto elementor-widget-tablet__width-inherit elementor-widget-mobile__width-auto aux-appear-watch-animation aux-slide-from-top elementor-widget elementor-widget-aux_modern_heading\" data-id=\"732d1235\" data-element_type=\"widget\" data-widget_type=\"aux_modern_heading.default\">\n\t\t\t\t<div class=\"elementor-widget-container\">\n\t\t\t<section class=\"aux-widget-modern-heading\">\n            <div class=\"aux-widget-inner\"><h2 class=\"aux-modern-heading-primary\">Y\u0131ll\u0131k Tecr\u00fcbemiz<\/h2><\/div>\n        <\/section>\t\t<\/div>\n\t\t\t\t<\/div>\n\t\t\t\t\t\t<\/div>\n\t\t\t\t\t<\/div>\n\t\t<\/div>\n\t\t\t\t<div class=\"aux-parallax-section elementor-column elementor-col-50 elementor-inner-column elementor-element elementor-element-30a2008f\" data-id=\"30a2008f\" data-element_type=\"column\">\n\t\t\t<div class=\"elementor-column-wrap elementor-element-populated\">\n\t\t\t\t\t\t\t<div class=\"elementor-widget-wrap\">\n\t\t\t\t\t\t<div class=\"elementor-element elementor-element-2b075b93 elementor-widget__width-auto aux-appear-watch-animation aux-slide-from-bot elementor-widget elementor-widget-counter\" data-id=\"2b075b93\" data-element_type=\"widget\" data-widget_type=\"counter.default\">\n\t\t\t\t<div class=\"elementor-widget-container\">\n\t\t\t\t\t<div class=\"elementor-counter\">\n\t\t\t<div class=\"elementor-counter-number-wrapper\">\n\t\t\t\t<span class=\"elementor-counter-number-prefix\"><\/span>\n\t\t\t\t<span class=\"elementor-counter-number\" data-duration=\"2000\" data-to-value=\"50\" data-from-value=\"0\" data-delimiter=\",\">0<\/span>\n\t\t\t\t<span class=\"elementor-counter-number-suffix\">+<\/span>\n\t\t\t<\/div>\n\t\t\t\t\t<\/div>\n\t\t\t\t<\/div>\n\t\t\t\t<\/div>\n\t\t\t\t<div class=\"elementor-element elementor-element-3fbc74f0 elementor-widget__width-auto elementor-widget-tablet__width-inherit elementor-widget-mobile__width-auto aux-appear-watch-animation aux-slide-from-top elementor-widget elementor-widget-aux_modern_heading\" data-id=\"3fbc74f0\" data-element_type=\"widget\" data-widget_type=\"aux_modern_heading.default\">\n\t\t\t\t<div class=\"elementor-widget-container\">\n\t\t\t<section class=\"aux-widget-modern-heading\">\n            <div class=\"aux-widget-inner\"><h2 class=\"aux-modern-heading-primary\">M\u00fc\u015fterilerimiz<\/h2><\/div>\n        <\/section>\t\t<\/div>\n\t\t\t\t<\/div>\n\t\t\t\t\t\t<\/div>\n\t\t\t\t\t<\/div>\n\t\t<\/div>\n\t\t\t\t<div class=\"aux-parallax-section elementor-column elementor-col-50 elementor-inner-column elementor-element elementor-element-41058faa\" data-id=\"41058faa\" data-element_type=\"column\">\n\t\t\t<div class=\"elementor-column-wrap elementor-element-populated\">\n\t\t\t\t\t\t\t<div class=\"elementor-widget-wrap\">\n\t\t\t\t\t\t<div class=\"elementor-element elementor-element-40393699 elementor-widget__width-auto aux-appear-watch-animation aux-slide-from-bot elementor-widget elementor-widget-counter\" data-id=\"40393699\" data-element_type=\"widget\" data-widget_type=\"counter.default\">\n\t\t\t\t<div class=\"elementor-widget-container\">\n\t\t\t\t\t<div class=\"elementor-counter\">\n\t\t\t<div class=\"elementor-counter-number-wrapper\">\n\t\t\t\t<span class=\"elementor-counter-number-prefix\"><\/span>\n\t\t\t\t<span class=\"elementor-counter-number\" data-duration=\"2000\" data-to-value=\"9\" data-from-value=\"0\" data-delimiter=\",\">0<\/span>\n\t\t\t\t<span class=\"elementor-counter-number-suffix\">+<\/span>\n\t\t\t<\/div>\n\t\t\t\t\t<\/div>\n\t\t\t\t<\/div>\n\t\t\t\t<\/div>\n\t\t\t\t<div class=\"elementor-element elementor-element-328e7b1d elementor-widget__width-auto elementor-widget-tablet__width-inherit elementor-widget-mobile__width-auto aux-appear-watch-animation aux-slide-from-top elementor-widget elementor-widget-aux_modern_heading\" data-id=\"328e7b1d\" data-element_type=\"widget\" data-widget_type=\"aux_modern_heading.default\">\n\t\t\t\t<div class=\"elementor-widget-container\">\n\t\t\t<section class=\"aux-widget-modern-heading\">\n            <div class=\"aux-widget-inner\"><h2 class=\"aux-modern-heading-primary\">Y\u0131ll\u0131k Tecr\u00fcbemiz<\/h2><\/div>\n        <\/section>\t\t<\/div>\n\t\t\t\t<\/div>\n\t\t\t\t\t\t<\/div>\n\t\t\t\t\t<\/div>\n\t\t<\/div>\n\t\t\t\t\t\t\t\t<\/div>\n\t\t\t\t\t<\/div>\n\t\t<\/section>\n\t\t\t\t\t\t<\/div>\n\t\t\t\t\t<\/div>\n\t\t<\/div>\n\t\t\t\t\t\t\t\t<\/div>\n\t\t\t\t\t<\/div>\n\t\t<\/section>\n\t\t\t\t\t\t\t\t\t<\/div>\n\t\t\t<\/div>\n\t\t\t\t\t<\/div>\n\t\t","protected":false},"excerpt":{"rendered":"<p>\u0130la\u00e7lama Hizmetleri<\/p>\n","protected":false},"author":1,"featured_media":0,"parent":0,"menu_order":0,"comment_status":"closed","ping_status":"closed","template":"","meta":{"footnotes":""},"class_list":["post-4420","page","type-page","status-publish","hentry"],"_links":{"self":[{"href":"https:\/\/evacityyonetim.com\/index.php?rest_route=\/wp\/v2\/pages\/4420","targetHints":{"allow":["GET"]}}],"collection":[{"href":"https:\/\/evacityyonetim.com\/index.php?rest_route=\/wp\/v2\/pages"}],"about":[{"href":"https:\/\/evacityyonetim.com\/index.php?rest_route=\/wp\/v2\/types\/page"}],"author":[{"embeddable":true,"href":"https:\/\/evacityyonetim.com\/index.php?rest_route=\/wp\/v2\/users\/1"}],"replies":[{"embeddable":true,"href":"https:\/\/evacityyonetim.com\/index.php?rest_route=%2Fwp%2Fv2%2Fcomments&post=4420"}],"version-history":[{"count":13,"href":"https:\/\/evacityyonetim.com\/index.php?rest_route=\/wp\/v2\/pages\/4420\/revisions"}],"predecessor-version":[{"id":4824,"href":"https:\/\/evacityyonetim.com\/index.php?rest_route=\/wp\/v2\/pages\/4420\/revisions\/4824"}],"wp:attachment":[{"href":"https:\/\/evacityyonetim.com\/index.php?rest_route=%2Fwp%2Fv2%2Fmedia&parent=4420"}],"curies":[{"name":"wp","href":"https:\/\/api.w.org\/{rel}","templated":true}]}}