{"id":4422,"date":"2023-05-29T19:00:29","date_gmt":"2023-05-29T19:00:29","guid":{"rendered":"https:\/\/evacityyonetim.com\/?page_id=4422"},"modified":"2023-05-30T21:30:58","modified_gmt":"2023-05-30T21:30:58","slug":"gayrimenkul-yonetimi","status":"publish","type":"page","link":"https:\/\/evacityyonetim.com\/?page_id=4422","title":{"rendered":"Gayrimenkul Y\u00f6netimi"},"content":{"rendered":"\t\t<div data-elementor-type=\"wp-page\" data-elementor-id=\"4422\" class=\"elementor elementor-4422\">\n\t\t\t\t\t\t<div class=\"elementor-inner\">\n\t\t\t\t<div class=\"elementor-section-wrap\">\n\t\t\t\t\t\t\t\t\t<section class=\"elementor-section elementor-top-section elementor-element elementor-element-4d9ba3f3 elementor-section-boxed elementor-section-height-default elementor-section-height-default\" data-id=\"4d9ba3f3\" data-element_type=\"section\">\n\t\t\t\t\t\t<div class=\"elementor-container elementor-column-gap-default\">\n\t\t\t\t\t\t\t<div class=\"elementor-row\">\n\t\t\t\t\t<div class=\"aux-parallax-section elementor-column elementor-col-100 elementor-top-column elementor-element elementor-element-274f4fae\" data-id=\"274f4fae\" data-element_type=\"column\">\n\t\t\t<div class=\"elementor-column-wrap elementor-element-populated\">\n\t\t\t\t\t\t\t<div class=\"elementor-widget-wrap\">\n\t\t\t\t\t\t<div class=\"elementor-element elementor-element-d869dec aux-appear-watch-animation aux-fade-in-right elementor-widget elementor-widget-aux_modern_heading\" data-id=\"d869dec\" data-element_type=\"widget\" data-widget_type=\"aux_modern_heading.default\">\n\t\t\t\t<div class=\"elementor-widget-container\">\n\t\t\t<section class=\"aux-widget-modern-heading\">\n            <div class=\"aux-widget-inner\"><h2 class=\"aux-modern-heading-primary\"><\/h2><h3 class=\"aux-modern-heading-secondary\"><span class=\"aux-head-before\">Gayrimenkul Y\u00f6netimi<\/span><\/h3><\/div>\n        <\/section>\t\t<\/div>\n\t\t\t\t<\/div>\n\t\t\t\t<div class=\"elementor-element elementor-element-52fc0666 elementor-widget elementor-widget-text-editor\" data-id=\"52fc0666\" data-element_type=\"widget\" data-widget_type=\"text-editor.default\">\n\t\t\t\t<div class=\"elementor-widget-container\">\n\t\t\t\t\t\t\t\t<div class=\"elementor-text-editor elementor-clearfix\">\n\t\t\t\t<img loading=\"lazy\" decoding=\"async\" class=\"alignnone wp-image-4201 alignleft\" src=\"https:\/\/evacityyonetim.com\/wp-content\/uploads\/2023\/05\/gayrimenkul-yonetimi-300x200.png\" alt=\"\" width=\"362\" height=\"241\" style=\"border-radius:20px; margin-right:10px; srcset=\"https:\/\/evacityyonetim.com\/wp-content\/uploads\/2023\/05\/gayrimenkul-yonetimi-300x200.png 300w, https:\/\/evacityyonetim.com\/wp-content\/uploads\/2023\/05\/gayrimenkul-yonetimi-768x512.png 768w, https:\/\/evacityyonetim.com\/wp-content\/uploads\/2023\/05\/gayrimenkul-yonetimi-640x427.png 640w, https:\/\/evacityyonetim.com\/wp-content\/uploads\/2023\/05\/gayrimenkul-yonetimi-400x267.png 400w, https:\/\/evacityyonetim.com\/wp-content\/uploads\/2023\/05\/gayrimenkul-yonetimi-367x245.png 367w, https:\/\/evacityyonetim.com\/wp-content\/uploads\/2023\/05\/gayrimenkul-yonetimi.png 1024w\" sizes=\"auto, (max-width: 362px) 100vw, 362px\" \/>\n<p style=\"text-align: left;\">G\u00fcn\u00fcm\u00fcz toplu ya\u015fam alanlar\u0131nda ki ya\u015fam kalitesi, bu alanlarda ya\u015fayan malik\/sakinlerin hayat standartlar\u0131 ile e\u015fde\u011ferdir.<\/p>\n<p style=\"text-align: left;\">\u00d6zellikle T\u00fcrkiye\u2019nin en b\u00fcy\u00fck n\u00fcfusuna sahip \u00f6nemli metropollerinden \u0130stanbul\u2019da bu toplu ya\u015fam alanlar\u0131nda ya\u015fayanlar\u0131n % 50-60 oran\u0131ndaki kesim kirac\u0131lardan olu\u015fmaktad\u0131r.<\/p>\n<p style=\"text-align: left;\">Kirac\u0131l\u0131k ise bir\u00e7ok \u015fekilde suiistimal edilen bir alan oldu\u011fundan, toplu yap\u0131n\u0131n genel yap\u0131s\u0131na ve i\u00e7erisinde ya\u015fayan insanlar\u0131n hayat standartlar\u0131na uymayan her t\u00fcrl\u00fc durum (konutlar\u0131n i\u00e7ine izin verilmemesine ra\u011fmen ofis a\u00e7\u0131lmas\u0131ndan g\u00fcnl\u00fck kiralamaya kadar) mevcut huzura ve ya\u015fam kalitesine, genel manada ise toplu yap\u0131daki gayrimenkullerin de\u011ferine ciddi anlamda etki etmektedir.<\/p>\n<p style=\"text-align: left;\"><b>EVACITY , <\/b>tam da bu noktada Tesis Y\u00f6netim Hizmetlerini verdi\u011fi i\u015f ortaklar\u0131n\u0131n t\u00fcm ya\u015fam ve \u00e7al\u0131\u015fma alanlar\u0131 i\u00e7in anla\u015fmal\u0131 oldu\u011fu profesyonel emlak ofisleri ile \u00e7al\u0131\u015fmakta, kiralama yapmak isteyen ki\u015fileri her t\u00fcrl\u00fc yasal kontrol mekanizmas\u0131n\u0131 kullanarak elemekte ve do\u011fru fiyatlardan kiralama yahut sat\u0131\u015f yap\u0131lmas\u0131n\u0131 sa\u011flar.<\/p>\n<p style=\"text-align: left;\">Sa\u011flad\u0131\u011f\u0131 bu Gayrimenkul Y\u00f6netim Hizmetleri ile kiralanan veya sat\u0131lan gayrimenkul i\u00e7in belirlenen komisyon oranlar\u0131nda ki sat\u0131\u015f \/ kiralama bedelini Tesis Y\u00f6netim Hizmetlerini yapt\u0131\u011f\u0131 projenin i\u015fletme b\u00fct\u00e7esine ek gelir olarak\u00a0 aktar\u0131r ve finansal anlamda ciddi katma de\u011fer sa\u011flar.<\/p>\t\t\t\t\t<\/div>\n\t\t\t\t\t\t<\/div>\n\t\t\t\t<\/div>\n\t\t\t\t\t\t<\/div>\n\t\t\t\t\t<\/div>\n\t\t<\/div>\n\t\t\t\t\t\t\t\t<\/div>\n\t\t\t\t\t<\/div>\n\t\t<\/section>\n\t\t\t\t<section class=\"elementor-section elementor-top-section elementor-element elementor-element-52c8e903 elementor-section-boxed elementor-section-height-default elementor-section-height-default\" data-id=\"52c8e903\" data-element_type=\"section\">\n\t\t\t\t\t\t<div class=\"elementor-container elementor-column-gap-no\">\n\t\t\t\t\t\t\t<div class=\"elementor-row\">\n\t\t\t\t\t<div class=\"aux-parallax-section elementor-column elementor-col-100 elementor-top-column elementor-element elementor-element-2f92cfc7\" data-id=\"2f92cfc7\" data-element_type=\"column\" data-settings=\"{&quot;background_background&quot;:&quot;gradient&quot;}\">\n\t\t\t<div class=\"elementor-column-wrap elementor-element-populated\">\n\t\t\t\t\t\t\t<div class=\"elementor-widget-wrap\">\n\t\t\t\t\t\t<section class=\"elementor-section elementor-inner-section elementor-element elementor-element-57433f elementor-section-boxed elementor-section-height-default elementor-section-height-default\" data-id=\"57433f\" data-element_type=\"section\">\n\t\t\t\t\t\t<div class=\"elementor-container elementor-column-gap-default\">\n\t\t\t\t\t\t\t<div class=\"elementor-row\">\n\t\t\t\t\t<div class=\"aux-parallax-section elementor-column elementor-col-33 elementor-inner-column elementor-element elementor-element-77999a16\" data-id=\"77999a16\" data-element_type=\"column\">\n\t\t\t<div class=\"elementor-column-wrap elementor-element-populated\">\n\t\t\t\t\t\t\t<div class=\"elementor-widget-wrap\">\n\t\t\t\t\t\t<div class=\"elementor-element elementor-element-70471c76 elementor-widget__width-auto aux-appear-watch-animation aux-slide-from-bot elementor-widget elementor-widget-counter\" data-id=\"70471c76\" data-element_type=\"widget\" data-widget_type=\"counter.default\">\n\t\t\t\t<div class=\"elementor-widget-container\">\n\t\t\t\t\t<div class=\"elementor-counter\">\n\t\t\t<div class=\"elementor-counter-number-wrapper\">\n\t\t\t\t<span class=\"elementor-counter-number-prefix\"><\/span>\n\t\t\t\t<span class=\"elementor-counter-number\" data-duration=\"2000\" data-to-value=\"99\" data-from-value=\"0\" data-delimiter=\",\">0<\/span>\n\t\t\t\t<span class=\"elementor-counter-number-suffix\">%<\/span>\n\t\t\t<\/div>\n\t\t\t\t\t<\/div>\n\t\t\t\t<\/div>\n\t\t\t\t<\/div>\n\t\t\t\t<div class=\"elementor-element elementor-element-740d06f4 elementor-widget__width-auto elementor-widget-tablet__width-inherit elementor-widget-mobile__width-auto aux-appear-watch-animation aux-slide-from-top elementor-widget elementor-widget-aux_modern_heading\" data-id=\"740d06f4\" data-element_type=\"widget\" data-widget_type=\"aux_modern_heading.default\">\n\t\t\t\t<div class=\"elementor-widget-container\">\n\t\t\t<section class=\"aux-widget-modern-heading\">\n            <div class=\"aux-widget-inner\"><h2 class=\"aux-modern-heading-primary\">Mutlu M\u00fc\u015fteri<\/h2><\/div>\n        <\/section>\t\t<\/div>\n\t\t\t\t<\/div>\n\t\t\t\t\t\t<\/div>\n\t\t\t\t\t<\/div>\n\t\t<\/div>\n\t\t\t\t<div class=\"aux-parallax-section elementor-column elementor-col-33 elementor-inner-column elementor-element elementor-element-9571bd9\" data-id=\"9571bd9\" data-element_type=\"column\">\n\t\t\t<div class=\"elementor-column-wrap elementor-element-populated\">\n\t\t\t\t\t\t\t<div class=\"elementor-widget-wrap\">\n\t\t\t\t\t\t<div class=\"elementor-element elementor-element-760ae2d6 elementor-widget__width-auto aux-appear-watch-animation aux-slide-from-bot elementor-widget elementor-widget-counter\" data-id=\"760ae2d6\" data-element_type=\"widget\" data-widget_type=\"counter.default\">\n\t\t\t\t<div class=\"elementor-widget-container\">\n\t\t\t\t\t<div class=\"elementor-counter\">\n\t\t\t<div class=\"elementor-counter-number-wrapper\">\n\t\t\t\t<span class=\"elementor-counter-number-prefix\"><\/span>\n\t\t\t\t<span class=\"elementor-counter-number\" data-duration=\"2000\" data-to-value=\"50\" data-from-value=\"0\" data-delimiter=\",\">0<\/span>\n\t\t\t\t<span class=\"elementor-counter-number-suffix\">+<\/span>\n\t\t\t<\/div>\n\t\t\t\t\t<\/div>\n\t\t\t\t<\/div>\n\t\t\t\t<\/div>\n\t\t\t\t<div class=\"elementor-element elementor-element-202d08d1 elementor-widget__width-auto elementor-widget-tablet__width-inherit elementor-widget-mobile__width-auto aux-appear-watch-animation aux-slide-from-top elementor-widget elementor-widget-aux_modern_heading\" data-id=\"202d08d1\" data-element_type=\"widget\" data-widget_type=\"aux_modern_heading.default\">\n\t\t\t\t<div class=\"elementor-widget-container\">\n\t\t\t<section class=\"aux-widget-modern-heading\">\n            <div class=\"aux-widget-inner\"><h2 class=\"aux-modern-heading-primary\">M\u00fc\u015fteriler<\/h2><\/div>\n        <\/section>\t\t<\/div>\n\t\t\t\t<\/div>\n\t\t\t\t\t\t<\/div>\n\t\t\t\t\t<\/div>\n\t\t<\/div>\n\t\t\t\t<div class=\"aux-parallax-section elementor-column elementor-col-33 elementor-inner-column elementor-element elementor-element-1763fee1\" data-id=\"1763fee1\" data-element_type=\"column\">\n\t\t\t<div class=\"elementor-column-wrap elementor-element-populated\">\n\t\t\t\t\t\t\t<div class=\"elementor-widget-wrap\">\n\t\t\t\t\t\t<div class=\"elementor-element elementor-element-415ab1f0 elementor-widget__width-auto aux-appear-watch-animation aux-slide-from-bot elementor-widget elementor-widget-counter\" data-id=\"415ab1f0\" data-element_type=\"widget\" data-widget_type=\"counter.default\">\n\t\t\t\t<div class=\"elementor-widget-container\">\n\t\t\t\t\t<div class=\"elementor-counter\">\n\t\t\t<div class=\"elementor-counter-number-wrapper\">\n\t\t\t\t<span class=\"elementor-counter-number-prefix\"><\/span>\n\t\t\t\t<span class=\"elementor-counter-number\" data-duration=\"2000\" data-to-value=\"9\" data-from-value=\"0\" data-delimiter=\",\">0<\/span>\n\t\t\t\t<span class=\"elementor-counter-number-suffix\"><\/span>\n\t\t\t<\/div>\n\t\t\t\t\t<\/div>\n\t\t\t\t<\/div>\n\t\t\t\t<\/div>\n\t\t\t\t<div class=\"elementor-element elementor-element-1c90020f elementor-widget__width-auto elementor-widget-tablet__width-inherit elementor-widget-mobile__width-auto aux-appear-watch-animation aux-slide-from-top elementor-widget elementor-widget-aux_modern_heading\" data-id=\"1c90020f\" data-element_type=\"widget\" data-widget_type=\"aux_modern_heading.default\">\n\t\t\t\t<div class=\"elementor-widget-container\">\n\t\t\t<section class=\"aux-widget-modern-heading\">\n            <div class=\"aux-widget-inner\"><h2 class=\"aux-modern-heading-primary\">Y\u0131ll\u0131k Tecr\u00fcbe<\/h2><\/div>\n        <\/section>\t\t<\/div>\n\t\t\t\t<\/div>\n\t\t\t\t\t\t<\/div>\n\t\t\t\t\t<\/div>\n\t\t<\/div>\n\t\t\t\t\t\t\t\t<\/div>\n\t\t\t\t\t<\/div>\n\t\t<\/section>\n\t\t\t\t\t\t<\/div>\n\t\t\t\t\t<\/div>\n\t\t<\/div>\n\t\t\t\t\t\t\t\t<\/div>\n\t\t\t\t\t<\/div>\n\t\t<\/section>\n\t\t\t\t\t\t\t\t\t<\/div>\n\t\t\t<\/div>\n\t\t\t\t\t<\/div>\n\t\t","protected":false},"excerpt":{"rendered":"<p>Gayrimenkul Y\u00f6netimi<\/p>\n","protected":false},"author":1,"featured_media":0,"parent":0,"menu_order":0,"comment_status":"closed","ping_status":"closed","template":"","meta":{"footnotes":""},"class_list":["post-4422","page","type-page","status-publish","hentry"],"_links":{"self":[{"href":"https:\/\/evacityyonetim.com\/index.php?rest_route=\/wp\/v2\/pages\/4422","targetHints":{"allow":["GET"]}}],"collection":[{"href":"https:\/\/evacityyonetim.com\/index.php?rest_route=\/wp\/v2\/pages"}],"about":[{"href":"https:\/\/evacityyonetim.com\/index.php?rest_route=\/wp\/v2\/types\/page"}],"author":[{"embeddable":true,"href":"https:\/\/evacityyonetim.com\/index.php?rest_route=\/wp\/v2\/users\/1"}],"replies":[{"embeddable":true,"href":"https:\/\/evacityyonetim.com\/index.php?rest_route=%2Fwp%2Fv2%2Fcomments&post=4422"}],"version-history":[{"count":13,"href":"https:\/\/evacityyonetim.com\/index.php?rest_route=\/wp\/v2\/pages\/4422\/revisions"}],"predecessor-version":[{"id":4682,"href":"https:\/\/evacityyonetim.com\/index.php?rest_route=\/wp\/v2\/pages\/4422\/revisions\/4682"}],"wp:attachment":[{"href":"https:\/\/evacityyonetim.com\/index.php?rest_route=%2Fwp%2Fv2%2Fmedia&parent=4422"}],"curies":[{"name":"wp","href":"https:\/\/api.w.org\/{rel}","templated":true}]}}