{"id":4424,"date":"2023-05-29T19:13:54","date_gmt":"2023-05-29T19:13:54","guid":{"rendered":"https:\/\/evacityyonetim.com\/?page_id=4424"},"modified":"2023-05-30T22:26:09","modified_gmt":"2023-05-30T22:26:09","slug":"depo-operasyonlari","status":"publish","type":"page","link":"https:\/\/evacityyonetim.com\/?page_id=4424","title":{"rendered":"Depo Operasyonlar\u0131"},"content":{"rendered":"\t\t<div data-elementor-type=\"wp-page\" data-elementor-id=\"4424\" class=\"elementor elementor-4424\">\n\t\t\t\t\t\t<div class=\"elementor-inner\">\n\t\t\t\t<div class=\"elementor-section-wrap\">\n\t\t\t\t\t\t\t\t\t<section class=\"elementor-section elementor-top-section elementor-element elementor-element-4f09cc1 elementor-section-boxed elementor-section-height-default elementor-section-height-default\" data-id=\"4f09cc1\" data-element_type=\"section\">\n\t\t\t\t\t\t<div class=\"elementor-container elementor-column-gap-default\">\n\t\t\t\t\t\t\t<div class=\"elementor-row\">\n\t\t\t\t\t<div class=\"aux-parallax-section elementor-column elementor-col-100 elementor-top-column elementor-element elementor-element-3f212a2\" data-id=\"3f212a2\" data-element_type=\"column\">\n\t\t\t<div class=\"elementor-column-wrap elementor-element-populated\">\n\t\t\t\t\t\t\t<div class=\"elementor-widget-wrap\">\n\t\t\t\t\t\t<div class=\"elementor-element elementor-element-9c146ea elementor-widget elementor-widget-image\" data-id=\"9c146ea\" data-element_type=\"widget\" data-widget_type=\"image.default\">\n\t\t\t\t<div class=\"elementor-widget-container\">\n\t\t\t\t\t\t\t\t<div class=\"elementor-image\">\n\t\t\t\t\t\t\t\t\t\t\t\t<img loading=\"lazy\" decoding=\"async\" width=\"1024\" height=\"681\" src=\"https:\/\/evacityyonetim.com\/wp-content\/uploads\/2023\/05\/depo-operasyonlari.png\" class=\"attachment-large size-large wp-image-4203\" alt=\"\" srcset=\"https:\/\/evacityyonetim.com\/wp-content\/uploads\/2023\/05\/depo-operasyonlari.png 1024w, https:\/\/evacityyonetim.com\/wp-content\/uploads\/2023\/05\/depo-operasyonlari-300x200.png 300w, https:\/\/evacityyonetim.com\/wp-content\/uploads\/2023\/05\/depo-operasyonlari-768x511.png 768w, https:\/\/evacityyonetim.com\/wp-content\/uploads\/2023\/05\/depo-operasyonlari-640x426.png 640w, https:\/\/evacityyonetim.com\/wp-content\/uploads\/2023\/05\/depo-operasyonlari-400x266.png 400w, https:\/\/evacityyonetim.com\/wp-content\/uploads\/2023\/05\/depo-operasyonlari-367x244.png 367w\" sizes=\"auto, (max-width: 1024px) 100vw, 1024px\" \/>\t\t\t\t\t\t\t\t\t\t\t\t\t\t<\/div>\n\t\t\t\t\t\t<\/div>\n\t\t\t\t<\/div>\n\t\t\t\t\t\t<\/div>\n\t\t\t\t\t<\/div>\n\t\t<\/div>\n\t\t\t\t\t\t\t\t<\/div>\n\t\t\t\t\t<\/div>\n\t\t<\/section>\n\t\t\t\t<section class=\"elementor-section elementor-top-section elementor-element elementor-element-68d6f395 elementor-section-boxed elementor-section-height-default elementor-section-height-default\" data-id=\"68d6f395\" data-element_type=\"section\">\n\t\t\t\t\t\t<div class=\"elementor-container elementor-column-gap-default\">\n\t\t\t\t\t\t\t<div class=\"elementor-row\">\n\t\t\t\t\t<div class=\"aux-parallax-section elementor-column elementor-col-100 elementor-top-column elementor-element elementor-element-31e93efc\" data-id=\"31e93efc\" data-element_type=\"column\">\n\t\t\t<div class=\"elementor-column-wrap elementor-element-populated\">\n\t\t\t\t\t\t\t<div class=\"elementor-widget-wrap\">\n\t\t\t\t\t\t<div class=\"elementor-element elementor-element-591e875 aux-appear-watch-animation aux-fade-in-right elementor-widget elementor-widget-aux_modern_heading\" data-id=\"591e875\" data-element_type=\"widget\" data-widget_type=\"aux_modern_heading.default\">\n\t\t\t\t<div class=\"elementor-widget-container\">\n\t\t\t<section class=\"aux-widget-modern-heading\">\n            <div class=\"aux-widget-inner\"><h2 class=\"aux-modern-heading-primary\"><\/h2><h3 class=\"aux-modern-heading-secondary\"><span class=\"aux-head-before\">Depo Operasyonlar\u0131<\/span><\/h3><\/div>\n        <\/section>\t\t<\/div>\n\t\t\t\t<\/div>\n\t\t\t\t<div class=\"elementor-element elementor-element-11437f23 elementor-widget elementor-widget-text-editor\" data-id=\"11437f23\" data-element_type=\"widget\" data-widget_type=\"text-editor.default\">\n\t\t\t\t<div class=\"elementor-widget-container\">\n\t\t\t\t\t\t\t\t<div class=\"elementor-text-editor elementor-clearfix\">\n\t\t\t\t<p style=\"text-align: left;\"><b>EVACITY <\/b>,operasyonel hizmetler kapsam\u0131nda T\u00fcrkiye genelindeki yerel ve uluslararas\u0131 markalar\u0131n lojistik s\u00fcre\u00e7lerinde \u00fcr\u00fcn giri\u015fi, veri giri\u015fi, \u00fcr\u00fcn stoklanmas\u0131 ve ayr\u0131\u015ft\u0131r\u0131lmas\u0131 ile di\u011fer t\u00fcm elle\u00e7leme hizmetleri ile binek ve b\u00fcy\u00fck y\u00fck ara\u00e7lar\u0131n\u0131n sevkiyat operasyonlar\u0131nda profesyonel \u00e7\u00f6z\u00fcmler sunar.<\/p><p style=\"text-align: left;\">Depo operasyonlar\u0131 yap\u0131s\u0131nda; mal kabul, ara\u00e7 bo\u015faltma, depolama, envanter y\u00f6netimi, sipari\u015f y\u00f6netimi, sevkiyat haz\u0131rlama, irsaliye ve fatura bas\u0131m\u0131 gibi i\u015f kalemlerinde otomasyon ve personel deste\u011fi veren\u00a0<b>EVACITY,<\/b><\/p><p style=\"text-align: left;\">Yine bu alanda kare kod, seri numaras\u0131, FIFO, FEFO, LIFO, LOT takibi, \u00dcTS beyanlar\u0131, \u00fcretim ve SKT takibi, g\u00fcnl\u00fck ve periyodik envanter say\u0131mlar\u0131, karantina ve hurda y\u00f6netimi, sarf malzeme tedariki ve y\u00f6netimi, performans takibi i\u015flemlerini ger\u00e7ekle\u015ftirir.<\/p><p style=\"text-align: left;\"><b><br \/><\/b>Mal Kabul<\/p><p style=\"text-align: left;\">Depolama<\/p><p style=\"text-align: left;\">Sipari\u015f Haz\u0131rlama<\/p><p style=\"text-align: left;\">\u0130rsaliye ve Fatura Bas\u0131m\u0131<\/p><p style=\"text-align: left;\">Ara\u00e7 Bo\u015faltma<\/p><p style=\"text-align: left;\">Envanter Y\u00f6netimi<\/p><p style=\"text-align: left;\">Sevkiyat Haz\u0131rlama<\/p><p style=\"text-align: left;\">Sanayi ve \u00fcretim faaliyetlerinde rol oynayan t\u00fcm fabrikalarda ise par\u00e7a\/\u00fcr\u00fcn ba\u015f\u0131 maliyetlendirme sistemi ile ara\u00e7 hareketlerinden, \u00fcr\u00fcn\/par\u00e7a s\u0131ralamaya, test s\u00fcr\u00fc\u015f hizmetinden, ayl\u0131k ve y\u0131ll\u0131k stok say\u0131m hizmetlerine\u00a0 kadar S\u00fcre\u00e7 Y\u00f6netiminde \u00e7\u00f6z\u00fcmler \u00fcreterek, i\u015f orta\u011f\u0131n\u0131n fabrikada ki \u00fcretim h\u0131z\u0131na paralel olarak, h\u0131zl\u0131 \u015fekilde ek personel deste\u011fi ile anl\u0131k taleplere etkin cevaplar verir.<\/p>\t\t\t\t\t<\/div>\n\t\t\t\t\t\t<\/div>\n\t\t\t\t<\/div>\n\t\t\t\t\t\t<\/div>\n\t\t\t\t\t<\/div>\n\t\t<\/div>\n\t\t\t\t\t\t\t\t<\/div>\n\t\t\t\t\t<\/div>\n\t\t<\/section>\n\t\t\t\t<section class=\"elementor-section elementor-top-section elementor-element elementor-element-2c32b997 elementor-section-boxed elementor-section-height-default elementor-section-height-default\" data-id=\"2c32b997\" data-element_type=\"section\">\n\t\t\t\t\t\t<div class=\"elementor-container elementor-column-gap-no\">\n\t\t\t\t\t\t\t<div class=\"elementor-row\">\n\t\t\t\t\t<div class=\"aux-parallax-section elementor-column elementor-col-100 elementor-top-column elementor-element elementor-element-6ee7f5cb\" data-id=\"6ee7f5cb\" data-element_type=\"column\" data-settings=\"{&quot;background_background&quot;:&quot;gradient&quot;}\">\n\t\t\t<div class=\"elementor-column-wrap elementor-element-populated\">\n\t\t\t\t\t\t\t<div class=\"elementor-widget-wrap\">\n\t\t\t\t\t\t<section class=\"elementor-section elementor-inner-section elementor-element elementor-element-4e5a0602 elementor-section-height-min-height elementor-section-boxed elementor-section-height-default\" data-id=\"4e5a0602\" data-element_type=\"section\">\n\t\t\t\t\t\t<div class=\"elementor-container elementor-column-gap-default\">\n\t\t\t\t\t\t\t<div class=\"elementor-row\">\n\t\t\t\t\t<div class=\"aux-parallax-section elementor-column elementor-col-50 elementor-inner-column elementor-element elementor-element-4a992130\" data-id=\"4a992130\" data-element_type=\"column\">\n\t\t\t<div class=\"elementor-column-wrap elementor-element-populated\">\n\t\t\t\t\t\t\t<div class=\"elementor-widget-wrap\">\n\t\t\t\t\t\t<div class=\"elementor-element elementor-element-94fa8c8 elementor-widget__width-auto aux-appear-watch-animation aux-slide-from-bot elementor-widget elementor-widget-counter\" data-id=\"94fa8c8\" data-element_type=\"widget\" data-widget_type=\"counter.default\">\n\t\t\t\t<div class=\"elementor-widget-container\">\n\t\t\t\t\t<div class=\"elementor-counter\">\n\t\t\t<div class=\"elementor-counter-number-wrapper\">\n\t\t\t\t<span class=\"elementor-counter-number-prefix\">%<\/span>\n\t\t\t\t<span class=\"elementor-counter-number\" data-duration=\"2000\" data-to-value=\"100\" data-from-value=\"0\" data-delimiter=\",\">0<\/span>\n\t\t\t\t<span class=\"elementor-counter-number-suffix\"><\/span>\n\t\t\t<\/div>\n\t\t\t\t\t<\/div>\n\t\t\t\t<\/div>\n\t\t\t\t<\/div>\n\t\t\t\t<div class=\"elementor-element elementor-element-1c73306c elementor-widget__width-auto elementor-widget-tablet__width-inherit elementor-widget-mobile__width-auto aux-appear-watch-animation aux-slide-from-top elementor-widget elementor-widget-aux_modern_heading\" data-id=\"1c73306c\" data-element_type=\"widget\" data-widget_type=\"aux_modern_heading.default\">\n\t\t\t\t<div class=\"elementor-widget-container\">\n\t\t\t<section class=\"aux-widget-modern-heading\">\n            <div class=\"aux-widget-inner\"><h2 class=\"aux-modern-heading-primary\">Y\u0131ll\u0131k Tecr\u00fcbemiz<\/h2><\/div>\n        <\/section>\t\t<\/div>\n\t\t\t\t<\/div>\n\t\t\t\t\t\t<\/div>\n\t\t\t\t\t<\/div>\n\t\t<\/div>\n\t\t\t\t<div class=\"aux-parallax-section elementor-column elementor-col-50 elementor-inner-column elementor-element elementor-element-148b8085\" data-id=\"148b8085\" data-element_type=\"column\">\n\t\t\t<div class=\"elementor-column-wrap elementor-element-populated\">\n\t\t\t\t\t\t\t<div class=\"elementor-widget-wrap\">\n\t\t\t\t\t\t<div class=\"elementor-element elementor-element-332f333f elementor-widget__width-auto aux-appear-watch-animation aux-slide-from-bot elementor-widget elementor-widget-counter\" data-id=\"332f333f\" data-element_type=\"widget\" data-widget_type=\"counter.default\">\n\t\t\t\t<div class=\"elementor-widget-container\">\n\t\t\t\t\t<div class=\"elementor-counter\">\n\t\t\t<div class=\"elementor-counter-number-wrapper\">\n\t\t\t\t<span class=\"elementor-counter-number-prefix\"><\/span>\n\t\t\t\t<span class=\"elementor-counter-number\" data-duration=\"2000\" data-to-value=\"50\" data-from-value=\"0\" data-delimiter=\",\">0<\/span>\n\t\t\t\t<span class=\"elementor-counter-number-suffix\">+<\/span>\n\t\t\t<\/div>\n\t\t\t\t\t<\/div>\n\t\t\t\t<\/div>\n\t\t\t\t<\/div>\n\t\t\t\t<div class=\"elementor-element elementor-element-2b2740bf elementor-widget__width-auto elementor-widget-tablet__width-inherit elementor-widget-mobile__width-auto aux-appear-watch-animation aux-slide-from-top elementor-widget elementor-widget-aux_modern_heading\" data-id=\"2b2740bf\" data-element_type=\"widget\" data-widget_type=\"aux_modern_heading.default\">\n\t\t\t\t<div class=\"elementor-widget-container\">\n\t\t\t<section class=\"aux-widget-modern-heading\">\n            <div class=\"aux-widget-inner\"><h2 class=\"aux-modern-heading-primary\">M\u00fc\u015fterilerimiz<\/h2><\/div>\n        <\/section>\t\t<\/div>\n\t\t\t\t<\/div>\n\t\t\t\t\t\t<\/div>\n\t\t\t\t\t<\/div>\n\t\t<\/div>\n\t\t\t\t<div class=\"aux-parallax-section elementor-column elementor-col-50 elementor-inner-column elementor-element elementor-element-4e70ecee\" data-id=\"4e70ecee\" data-element_type=\"column\">\n\t\t\t<div class=\"elementor-column-wrap elementor-element-populated\">\n\t\t\t\t\t\t\t<div class=\"elementor-widget-wrap\">\n\t\t\t\t\t\t<div class=\"elementor-element elementor-element-31812ef6 elementor-widget__width-auto aux-appear-watch-animation aux-slide-from-bot elementor-widget elementor-widget-counter\" data-id=\"31812ef6\" data-element_type=\"widget\" data-widget_type=\"counter.default\">\n\t\t\t\t<div class=\"elementor-widget-container\">\n\t\t\t\t\t<div class=\"elementor-counter\">\n\t\t\t<div class=\"elementor-counter-number-wrapper\">\n\t\t\t\t<span class=\"elementor-counter-number-prefix\"><\/span>\n\t\t\t\t<span class=\"elementor-counter-number\" data-duration=\"2000\" data-to-value=\"9\" data-from-value=\"0\" data-delimiter=\",\">0<\/span>\n\t\t\t\t<span class=\"elementor-counter-number-suffix\">+<\/span>\n\t\t\t<\/div>\n\t\t\t\t\t<\/div>\n\t\t\t\t<\/div>\n\t\t\t\t<\/div>\n\t\t\t\t<div class=\"elementor-element elementor-element-2ca2c483 elementor-widget__width-auto elementor-widget-tablet__width-inherit elementor-widget-mobile__width-auto aux-appear-watch-animation aux-slide-from-top elementor-widget elementor-widget-aux_modern_heading\" data-id=\"2ca2c483\" data-element_type=\"widget\" data-widget_type=\"aux_modern_heading.default\">\n\t\t\t\t<div class=\"elementor-widget-container\">\n\t\t\t<section class=\"aux-widget-modern-heading\">\n            <div class=\"aux-widget-inner\"><h2 class=\"aux-modern-heading-primary\">Y\u0131ll\u0131k Tecr\u00fcbemiz<\/h2><\/div>\n        <\/section>\t\t<\/div>\n\t\t\t\t<\/div>\n\t\t\t\t\t\t<\/div>\n\t\t\t\t\t<\/div>\n\t\t<\/div>\n\t\t\t\t\t\t\t\t<\/div>\n\t\t\t\t\t<\/div>\n\t\t<\/section>\n\t\t\t\t\t\t<\/div>\n\t\t\t\t\t<\/div>\n\t\t<\/div>\n\t\t\t\t\t\t\t\t<\/div>\n\t\t\t\t\t<\/div>\n\t\t<\/section>\n\t\t\t\t\t\t\t\t\t<\/div>\n\t\t\t<\/div>\n\t\t\t\t\t<\/div>\n\t\t","protected":false},"excerpt":{"rendered":"<p>Depo Operasyonlar\u0131 EVACITY ,operasyonel hizmetler kapsam\u0131nda T\u00fcrkiye genelindeki yerel ve uluslararas\u0131 markalar\u0131n lojistik s\u00fcre\u00e7lerinde \u00fcr\u00fcn giri\u015fi, veri giri\u015fi, \u00fcr\u00fcn stoklanmas\u0131 ve ayr\u0131\u015ft\u0131r\u0131lmas\u0131 ile di\u011fer t\u00fcm elle\u00e7leme hizmetleri ile binek ve b\u00fcy\u00fck y\u00fck ara\u00e7lar\u0131n\u0131n sevkiyat operasyonlar\u0131nda profesyonel \u00e7\u00f6z\u00fcmler sunar. Depo operasyonlar\u0131 yap\u0131s\u0131nda; mal kabul, ara\u00e7 bo\u015faltma, depolama, envanter y\u00f6netimi, sipari\u015f y\u00f6netimi, sevkiyat haz\u0131rlama, irsaliye ve fatura [&hellip;]<\/p>\n","protected":false},"author":1,"featured_media":0,"parent":0,"menu_order":0,"comment_status":"closed","ping_status":"closed","template":"","meta":{"footnotes":""},"class_list":["post-4424","page","type-page","status-publish","hentry"],"_links":{"self":[{"href":"https:\/\/evacityyonetim.com\/index.php?rest_route=\/wp\/v2\/pages\/4424","targetHints":{"allow":["GET"]}}],"collection":[{"href":"https:\/\/evacityyonetim.com\/index.php?rest_route=\/wp\/v2\/pages"}],"about":[{"href":"https:\/\/evacityyonetim.com\/index.php?rest_route=\/wp\/v2\/types\/page"}],"author":[{"embeddable":true,"href":"https:\/\/evacityyonetim.com\/index.php?rest_route=\/wp\/v2\/users\/1"}],"replies":[{"embeddable":true,"href":"https:\/\/evacityyonetim.com\/index.php?rest_route=%2Fwp%2Fv2%2Fcomments&post=4424"}],"version-history":[{"count":17,"href":"https:\/\/evacityyonetim.com\/index.php?rest_route=\/wp\/v2\/pages\/4424\/revisions"}],"predecessor-version":[{"id":4829,"href":"https:\/\/evacityyonetim.com\/index.php?rest_route=\/wp\/v2\/pages\/4424\/revisions\/4829"}],"wp:attachment":[{"href":"https:\/\/evacityyonetim.com\/index.php?rest_route=%2Fwp%2Fv2%2Fmedia&parent=4424"}],"curies":[{"name":"wp","href":"https:\/\/api.w.org\/{rel}","templated":true}]}}