{"id":4426,"date":"2023-05-29T19:14:20","date_gmt":"2023-05-29T19:14:20","guid":{"rendered":"https:\/\/evacityyonetim.com\/?page_id=4426"},"modified":"2023-05-30T22:28:50","modified_gmt":"2023-05-30T22:28:50","slug":"e-ticaret-lojistik-ve-teslim-hizmetleri","status":"publish","type":"page","link":"https:\/\/evacityyonetim.com\/?page_id=4426","title":{"rendered":"E-Ticaret Lojistik Ve Teslim Hizmetleri"},"content":{"rendered":"\t\t<div data-elementor-type=\"wp-page\" data-elementor-id=\"4426\" class=\"elementor elementor-4426\">\n\t\t\t\t\t\t<div class=\"elementor-inner\">\n\t\t\t\t<div class=\"elementor-section-wrap\">\n\t\t\t\t\t\t\t\t\t<section class=\"elementor-section elementor-top-section elementor-element elementor-element-6c3b5b64 elementor-section-boxed elementor-section-height-default elementor-section-height-default\" data-id=\"6c3b5b64\" data-element_type=\"section\">\n\t\t\t\t\t\t<div class=\"elementor-container elementor-column-gap-default\">\n\t\t\t\t\t\t\t<div class=\"elementor-row\">\n\t\t\t\t\t<div class=\"aux-parallax-section elementor-column elementor-col-100 elementor-top-column elementor-element elementor-element-447a833e\" data-id=\"447a833e\" data-element_type=\"column\">\n\t\t\t<div class=\"elementor-column-wrap elementor-element-populated\">\n\t\t\t\t\t\t\t<div class=\"elementor-widget-wrap\">\n\t\t\t\t\t\t<div class=\"elementor-element elementor-element-4abaf958 aux-appear-watch-animation aux-fade-in-right elementor-widget elementor-widget-aux_modern_heading\" data-id=\"4abaf958\" data-element_type=\"widget\" data-widget_type=\"aux_modern_heading.default\">\n\t\t\t\t<div class=\"elementor-widget-container\">\n\t\t\t<section class=\"aux-widget-modern-heading\">\n            <div class=\"aux-widget-inner\"><h2 class=\"aux-modern-heading-primary\"><\/h2><h3 class=\"aux-modern-heading-secondary\"><span class=\"aux-head-before\">E-Ticaret Lojistik Ve Teslim Hizmetleri<\/span><\/h3><\/div>\n        <\/section>\t\t<\/div>\n\t\t\t\t<\/div>\n\t\t\t\t<div class=\"elementor-element elementor-element-74b83b2 elementor-widget elementor-widget-text-editor\" data-id=\"74b83b2\" data-element_type=\"widget\" data-widget_type=\"text-editor.default\">\n\t\t\t\t<div class=\"elementor-widget-container\">\n\t\t\t\t\t\t\t\t<div class=\"elementor-text-editor elementor-clearfix\">\n\t\t\t\t<img loading=\"lazy\" decoding=\"async\" class=\"alignnone size-medium wp-image-4461 alignleft\" src=\"https:\/\/evacityyonetim.com\/wp-content\/uploads\/2023\/05\/e-ticaret-300x300.jpg\" alt=\"\" width=\"300\" height=\"300\"style=\"border-radius:20px; margin-right:10px; srcset=\"https:\/\/evacityyonetim.com\/wp-content\/uploads\/2023\/05\/e-ticaret-300x300.jpg 300w, https:\/\/evacityyonetim.com\/wp-content\/uploads\/2023\/05\/e-ticaret-1024x1024.jpg 1024w, https:\/\/evacityyonetim.com\/wp-content\/uploads\/2023\/05\/e-ticaret-150x150.jpg 150w, https:\/\/evacityyonetim.com\/wp-content\/uploads\/2023\/05\/e-ticaret-768x768.jpg 768w\" sizes=\"auto, (max-width: 300px) 100vw, 300px\" \/>\n<p style=\"text-align: left;\">E-ticarette bir m\u00fc\u015fteriye sat\u0131\u015f s\u00fcrecini olu\u015fturan sipari\u015f operasyonu, bir\u00e7ok dinamik unsurun bir araya geldi\u011fi s\u00fcre\u00e7lerdir. Tipik bir m\u00fc\u015fteri sipari\u015finin bir operasyon \u00e7er\u00e7evesinde y\u00f6netilmesi, bir tak\u0131m s\u00fcre\u00e7lerin i\u015fletilmesi ile m\u00fcmk\u00fcn olabilmektedir.<\/p>\n<p style=\"text-align: left;\">Sipari\u015f operasyonu, pazarlama stratejilerinin bir par\u00e7as\u0131d\u0131r. E-ticaret operasyon s\u00fcrecinde, \u00fcr\u00fcn y\u00f6neticilerinden lojistik y\u00f6neticilerine kadar bir\u00e7ok birim aktif olarak rol oynar. Nihai hedef, sipari\u015f edilen \u00fcr\u00fcn\u00fc, bir dizi operasyon \u00e7er\u00e7evesinde son kullan\u0131c\u0131ya\/m\u00fc\u015fteriye ula\u015ft\u0131rmakt\u0131r.<\/p>\n<p style=\"text-align: left;\">E-ticaret siteleri ba\u015fta olmak \u00fczere, perakende g\u0131da ve giyim devlerinin online pazaryerlerinden m\u00fc\u015fterinin verdi\u011fi sipari\u015f \u00fczerine bir\u00e7ok birim harekete ge\u00e7er ve sipari\u015f operasyonu ba\u015flar. Sipari\u015f operasyonu y\u00f6netimi do\u011fru yerden ba\u015flamazsa s\u00fcre\u00e7te aksakl\u0131klar\u0131n ortaya \u00e7\u0131kmas\u0131 muhtemeldir. Birimler aras\u0131 do\u011fru verilerin payla\u015f\u0131lmas\u0131, sipari\u015f s\u00fcrecinin takibi ve nihayet sipari\u015fin m\u00fc\u015fteriye ula\u015ft\u0131r\u0131lmas\u0131na kadar \u00e7ok say\u0131da fakt\u00f6r ele al\u0131nmal\u0131d\u0131r.<\/p>\n<p style=\"text-align: left;\">Sipari\u015fin olu\u015fturulmas\u0131n\u0131n ard\u0131ndan \u00fcr\u00fcn\u00fcn tedarik edilmesi, depolanmas\u0131, sevkiyat\u0131 ve teslimat\u0131 gibi fakt\u00f6rler, online pazarlar\u0131n sipari\u015f operasyonunun bir par\u00e7as\u0131d\u0131r. \u00dcr\u00fcn\u00fcn tedarik edilmesini de kapsayan \u00fcr\u00fcn y\u00f6netimi, stokun planlanmas\u0131, fiyatland\u0131rma ve \u00fcr\u00fcn\u00fcn veya sipari\u015fin takip edilmesi gibi bir dizi i\u015flemle ilgilidir.<\/p>\n<p style=\"text-align: left;\"><b>EVACITY, <\/b>tam da bu noktada ilgili firmalar\u0131n depo ve lojistik alanlar\u0131nda yer alan personelleri ile e-ticaret sitesi \u00fczerinden gelen m\u00fc\u015fteri sipari\u015flerinin reyonlardan temin edilmesi \/ toplanmas\u0131, eksiksiz bir \u015fekilde haz\u0131rlanarak, paketlenmesi ve teslim saati i\u00e7in kurgulanan zaman dilimlerinde ara\u00e7lara y\u00fcklenmesi s\u00fcre\u00e7lerinde etkin rol oynayarak, m\u00fc\u015fteri memnuniyetini \u00f6n planda tutan operasyon hizmeti sunar.<\/p>\t\t\t\t\t<\/div>\n\t\t\t\t\t\t<\/div>\n\t\t\t\t<\/div>\n\t\t\t\t\t\t<\/div>\n\t\t\t\t\t<\/div>\n\t\t<\/div>\n\t\t\t\t\t\t\t\t<\/div>\n\t\t\t\t\t<\/div>\n\t\t<\/section>\n\t\t\t\t<section class=\"elementor-section elementor-top-section elementor-element elementor-element-651c4980 elementor-section-boxed elementor-section-height-default elementor-section-height-default\" data-id=\"651c4980\" data-element_type=\"section\">\n\t\t\t\t\t\t<div class=\"elementor-container elementor-column-gap-no\">\n\t\t\t\t\t\t\t<div class=\"elementor-row\">\n\t\t\t\t\t<div class=\"aux-parallax-section elementor-column elementor-col-100 elementor-top-column elementor-element elementor-element-2ca3bc72\" data-id=\"2ca3bc72\" data-element_type=\"column\" data-settings=\"{&quot;background_background&quot;:&quot;gradient&quot;}\">\n\t\t\t<div class=\"elementor-column-wrap elementor-element-populated\">\n\t\t\t\t\t\t\t<div class=\"elementor-widget-wrap\">\n\t\t\t\t\t\t<section class=\"elementor-section elementor-inner-section elementor-element elementor-element-7b02347c elementor-section-height-min-height elementor-section-boxed elementor-section-height-default\" data-id=\"7b02347c\" data-element_type=\"section\">\n\t\t\t\t\t\t<div class=\"elementor-container elementor-column-gap-default\">\n\t\t\t\t\t\t\t<div class=\"elementor-row\">\n\t\t\t\t\t<div class=\"aux-parallax-section elementor-column elementor-col-50 elementor-inner-column elementor-element elementor-element-4d202bcb\" data-id=\"4d202bcb\" data-element_type=\"column\">\n\t\t\t<div class=\"elementor-column-wrap elementor-element-populated\">\n\t\t\t\t\t\t\t<div class=\"elementor-widget-wrap\">\n\t\t\t\t\t\t<div class=\"elementor-element elementor-element-7781fcc5 elementor-widget__width-auto aux-appear-watch-animation aux-slide-from-bot elementor-widget elementor-widget-counter\" data-id=\"7781fcc5\" data-element_type=\"widget\" data-widget_type=\"counter.default\">\n\t\t\t\t<div class=\"elementor-widget-container\">\n\t\t\t\t\t<div class=\"elementor-counter\">\n\t\t\t<div class=\"elementor-counter-number-wrapper\">\n\t\t\t\t<span class=\"elementor-counter-number-prefix\">%<\/span>\n\t\t\t\t<span class=\"elementor-counter-number\" data-duration=\"2000\" data-to-value=\"100\" data-from-value=\"0\" data-delimiter=\",\">0<\/span>\n\t\t\t\t<span class=\"elementor-counter-number-suffix\"><\/span>\n\t\t\t<\/div>\n\t\t\t\t\t<\/div>\n\t\t\t\t<\/div>\n\t\t\t\t<\/div>\n\t\t\t\t<div class=\"elementor-element elementor-element-1c7ec39 elementor-widget__width-auto elementor-widget-tablet__width-inherit elementor-widget-mobile__width-auto aux-appear-watch-animation aux-slide-from-top elementor-widget elementor-widget-aux_modern_heading\" data-id=\"1c7ec39\" data-element_type=\"widget\" data-widget_type=\"aux_modern_heading.default\">\n\t\t\t\t<div class=\"elementor-widget-container\">\n\t\t\t<section class=\"aux-widget-modern-heading\">\n            <div class=\"aux-widget-inner\"><h2 class=\"aux-modern-heading-primary\">Y\u0131ll\u0131k Tecr\u00fcbemiz<\/h2><\/div>\n        <\/section>\t\t<\/div>\n\t\t\t\t<\/div>\n\t\t\t\t\t\t<\/div>\n\t\t\t\t\t<\/div>\n\t\t<\/div>\n\t\t\t\t<div class=\"aux-parallax-section elementor-column elementor-col-50 elementor-inner-column elementor-element elementor-element-6ed1221\" data-id=\"6ed1221\" data-element_type=\"column\">\n\t\t\t<div class=\"elementor-column-wrap elementor-element-populated\">\n\t\t\t\t\t\t\t<div class=\"elementor-widget-wrap\">\n\t\t\t\t\t\t<div class=\"elementor-element elementor-element-20547f09 elementor-widget__width-auto aux-appear-watch-animation aux-slide-from-bot elementor-widget elementor-widget-counter\" data-id=\"20547f09\" data-element_type=\"widget\" data-widget_type=\"counter.default\">\n\t\t\t\t<div class=\"elementor-widget-container\">\n\t\t\t\t\t<div class=\"elementor-counter\">\n\t\t\t<div class=\"elementor-counter-number-wrapper\">\n\t\t\t\t<span class=\"elementor-counter-number-prefix\"><\/span>\n\t\t\t\t<span class=\"elementor-counter-number\" data-duration=\"2000\" data-to-value=\"50\" data-from-value=\"0\" data-delimiter=\",\">0<\/span>\n\t\t\t\t<span class=\"elementor-counter-number-suffix\">+<\/span>\n\t\t\t<\/div>\n\t\t\t\t\t<\/div>\n\t\t\t\t<\/div>\n\t\t\t\t<\/div>\n\t\t\t\t<div class=\"elementor-element elementor-element-21237ef0 elementor-widget__width-auto elementor-widget-tablet__width-inherit elementor-widget-mobile__width-auto aux-appear-watch-animation aux-slide-from-top elementor-widget elementor-widget-aux_modern_heading\" data-id=\"21237ef0\" data-element_type=\"widget\" data-widget_type=\"aux_modern_heading.default\">\n\t\t\t\t<div class=\"elementor-widget-container\">\n\t\t\t<section class=\"aux-widget-modern-heading\">\n            <div class=\"aux-widget-inner\"><h2 class=\"aux-modern-heading-primary\">M\u00fc\u015fterilerimiz<\/h2><\/div>\n        <\/section>\t\t<\/div>\n\t\t\t\t<\/div>\n\t\t\t\t\t\t<\/div>\n\t\t\t\t\t<\/div>\n\t\t<\/div>\n\t\t\t\t<div class=\"aux-parallax-section elementor-column elementor-col-50 elementor-inner-column elementor-element elementor-element-3103153\" data-id=\"3103153\" data-element_type=\"column\">\n\t\t\t<div class=\"elementor-column-wrap elementor-element-populated\">\n\t\t\t\t\t\t\t<div class=\"elementor-widget-wrap\">\n\t\t\t\t\t\t<div class=\"elementor-element elementor-element-7470c1d4 elementor-widget__width-auto aux-appear-watch-animation aux-slide-from-bot elementor-widget elementor-widget-counter\" data-id=\"7470c1d4\" data-element_type=\"widget\" data-widget_type=\"counter.default\">\n\t\t\t\t<div class=\"elementor-widget-container\">\n\t\t\t\t\t<div class=\"elementor-counter\">\n\t\t\t<div class=\"elementor-counter-number-wrapper\">\n\t\t\t\t<span class=\"elementor-counter-number-prefix\"><\/span>\n\t\t\t\t<span class=\"elementor-counter-number\" data-duration=\"2000\" data-to-value=\"9\" data-from-value=\"0\" data-delimiter=\",\">0<\/span>\n\t\t\t\t<span class=\"elementor-counter-number-suffix\">+<\/span>\n\t\t\t<\/div>\n\t\t\t\t\t<\/div>\n\t\t\t\t<\/div>\n\t\t\t\t<\/div>\n\t\t\t\t<div class=\"elementor-element elementor-element-7a59c1ae elementor-widget__width-auto elementor-widget-tablet__width-inherit elementor-widget-mobile__width-auto aux-appear-watch-animation aux-slide-from-top elementor-widget elementor-widget-aux_modern_heading\" data-id=\"7a59c1ae\" data-element_type=\"widget\" data-widget_type=\"aux_modern_heading.default\">\n\t\t\t\t<div class=\"elementor-widget-container\">\n\t\t\t<section class=\"aux-widget-modern-heading\">\n            <div class=\"aux-widget-inner\"><h2 class=\"aux-modern-heading-primary\">Y\u0131ll\u0131k Tecr\u00fcbemiz<\/h2><\/div>\n        <\/section>\t\t<\/div>\n\t\t\t\t<\/div>\n\t\t\t\t\t\t<\/div>\n\t\t\t\t\t<\/div>\n\t\t<\/div>\n\t\t\t\t\t\t\t\t<\/div>\n\t\t\t\t\t<\/div>\n\t\t<\/section>\n\t\t\t\t\t\t<\/div>\n\t\t\t\t\t<\/div>\n\t\t<\/div>\n\t\t\t\t\t\t\t\t<\/div>\n\t\t\t\t\t<\/div>\n\t\t<\/section>\n\t\t\t\t\t\t\t\t\t<\/div>\n\t\t\t<\/div>\n\t\t\t\t\t<\/div>\n\t\t","protected":false},"excerpt":{"rendered":"<p>E-Ticaret Lojistik Ve Teslim Hizmetleri<\/p>\n","protected":false},"author":1,"featured_media":0,"parent":0,"menu_order":0,"comment_status":"closed","ping_status":"closed","template":"","meta":{"footnotes":""},"class_list":["post-4426","page","type-page","status-publish","hentry"],"_links":{"self":[{"href":"https:\/\/evacityyonetim.com\/index.php?rest_route=\/wp\/v2\/pages\/4426","targetHints":{"allow":["GET"]}}],"collection":[{"href":"https:\/\/evacityyonetim.com\/index.php?rest_route=\/wp\/v2\/pages"}],"about":[{"href":"https:\/\/evacityyonetim.com\/index.php?rest_route=\/wp\/v2\/types\/page"}],"author":[{"embeddable":true,"href":"https:\/\/evacityyonetim.com\/index.php?rest_route=\/wp\/v2\/users\/1"}],"replies":[{"embeddable":true,"href":"https:\/\/evacityyonetim.com\/index.php?rest_route=%2Fwp%2Fv2%2Fcomments&post=4426"}],"version-history":[{"count":13,"href":"https:\/\/evacityyonetim.com\/index.php?rest_route=\/wp\/v2\/pages\/4426\/revisions"}],"predecessor-version":[{"id":4833,"href":"https:\/\/evacityyonetim.com\/index.php?rest_route=\/wp\/v2\/pages\/4426\/revisions\/4833"}],"wp:attachment":[{"href":"https:\/\/evacityyonetim.com\/index.php?rest_route=%2Fwp%2Fv2%2Fmedia&parent=4426"}],"curies":[{"name":"wp","href":"https:\/\/api.w.org\/{rel}","templated":true}]}}